{"id":1964,"date":"2022-02-16T22:31:09","date_gmt":"2022-02-16T21:31:09","guid":{"rendered":"https:\/\/www.luigicherubini.de\/wordpress\/bonn-2021\/"},"modified":"2022-02-16T22:31:09","modified_gmt":"2022-02-16T21:31:09","slug":"bonn-2021","status":"publish","type":"page","link":"https:\/\/www.luigicherubini.de\/en\/bonn-2021\/","title":{"rendered":"Bonn 2021"},"content":{"rendered":"\t\t<div data-elementor-type=\"wp-page\" data-elementor-id=\"1964\" class=\"elementor elementor-1964 elementor-1902\">\n\t\t\t\t\t\t<div class=\"elementor-inner\">\n\t\t\t\t<div class=\"elementor-section-wrap\">\n\t\t\t\t\t\t\t\t\t<section class=\"elementor-section elementor-top-section elementor-element elementor-element-cd0cf11 elementor-section-height-min-height elementor-section-boxed elementor-section-height-default elementor-section-items-middle\" data-id=\"cd0cf11\" data-element_type=\"section\" data-settings=\"{&quot;background_background&quot;:&quot;classic&quot;,&quot;shape_divider_bottom&quot;:&quot;tilt&quot;}\">\n\t\t\t\t\t\t\t<div class=\"elementor-background-overlay\"><\/div>\n\t\t\t\t\t\t<div class=\"elementor-shape elementor-shape-bottom\" data-negative=\"false\">\n\t\t\t<svg xmlns=\"http:\/\/www.w3.org\/2000\/svg\" viewBox=\"0 0 1000 100\" preserveAspectRatio=\"none\">\n\t<path class=\"elementor-shape-fill\" d=\"M0,6V0h1000v100L0,6z\"\/>\n<\/svg>\t\t<\/div>\n\t\t\t\t\t<div class=\"elementor-container elementor-column-gap-default\">\n\t\t\t\t\t\t\t<div class=\"elementor-row\">\n\t\t\t\t\t<div class=\"elementor-column elementor-col-50 elementor-top-column elementor-element elementor-element-77298ec\" data-id=\"77298ec\" data-element_type=\"column\">\n\t\t\t<div class=\"elementor-column-wrap elementor-element-populated\">\n\t\t\t\t\t\t\t<div class=\"elementor-widget-wrap\">\n\t\t\t\t\t\t<div class=\"elementor-element elementor-element-151f188 elementor-widget-divider--view-line elementor-widget elementor-widget-divider\" data-id=\"151f188\" data-element_type=\"widget\" data-widget_type=\"divider.default\">\n\t\t\t\t<div class=\"elementor-widget-container\">\n\t\t\t\t\t<div class=\"elementor-divider\">\n\t\t\t<span class=\"elementor-divider-separator\">\n\t\t\t\t\t\t<\/span>\n\t\t<\/div>\n\t\t\t\t<\/div>\n\t\t\t\t<\/div>\n\t\t\t\t\t\t<\/div>\n\t\t\t\t\t<\/div>\n\t\t<\/div>\n\t\t\t\t<div class=\"elementor-column elementor-col-50 elementor-top-column elementor-element elementor-element-fdf82d6\" data-id=\"fdf82d6\" data-element_type=\"column\">\n\t\t\t<div class=\"elementor-column-wrap elementor-element-populated\">\n\t\t\t\t\t\t\t<div class=\"elementor-widget-wrap\">\n\t\t\t\t\t\t<div class=\"elementor-element elementor-element-a65ac6a elementor-widget elementor-widget-image\" data-id=\"a65ac6a\" data-element_type=\"widget\" data-widget_type=\"image.default\">\n\t\t\t\t<div class=\"elementor-widget-container\">\n\t\t\t\t\t\t\t\t<div class=\"elementor-image\">\n\t\t\t\t\t\t\t\t\t\t\t\t<img loading=\"lazy\" decoding=\"async\" width=\"300\" height=\"290\" src=\"https:\/\/www.luigicherubini.de\/wp-content\/uploads\/2021\/03\/Cherubini_image_01_web-300x290.jpg\" class=\"attachment-medium size-medium wp-image-67\" alt=\"\" srcset=\"https:\/\/www.luigicherubini.de\/wp-content\/uploads\/2021\/03\/Cherubini_image_01_web-300x290.jpg 300w, https:\/\/www.luigicherubini.de\/wp-content\/uploads\/2021\/03\/Cherubini_image_01_web.jpg 400w\" sizes=\"auto, (max-width: 300px) 100vw, 300px\" \/>\t\t\t\t\t\t\t\t\t\t\t\t\t\t<\/div>\n\t\t\t\t\t\t<\/div>\n\t\t\t\t<\/div>\n\t\t\t\t\t\t<\/div>\n\t\t\t\t\t<\/div>\n\t\t<\/div>\n\t\t\t\t\t\t\t\t<\/div>\n\t\t\t\t\t<\/div>\n\t\t<\/section>\n\t\t\t\t<section class=\"elementor-section elementor-top-section elementor-element elementor-element-4722b19 elementor-section-boxed elementor-section-height-default elementor-section-height-default\" data-id=\"4722b19\" data-element_type=\"section\">\n\t\t\t\t\t\t<div class=\"elementor-container elementor-column-gap-default\">\n\t\t\t\t\t\t\t<div class=\"elementor-row\">\n\t\t\t\t\t<div class=\"elementor-column elementor-col-100 elementor-top-column elementor-element elementor-element-cc19321\" data-id=\"cc19321\" data-element_type=\"column\">\n\t\t\t<div class=\"elementor-column-wrap\">\n\t\t\t\t\t\t\t<div class=\"elementor-widget-wrap\">\n\t\t\t\t\t\t\t\t<\/div>\n\t\t\t\t\t<\/div>\n\t\t<\/div>\n\t\t\t\t\t\t\t\t<\/div>\n\t\t\t\t\t<\/div>\n\t\t<\/section>\n\t\t\t\t<section class=\"elementor-section elementor-top-section elementor-element elementor-element-06c2cdf elementor-section-boxed elementor-section-height-default elementor-section-height-default\" data-id=\"06c2cdf\" data-element_type=\"section\">\n\t\t\t\t\t\t<div class=\"elementor-container elementor-column-gap-default\">\n\t\t\t\t\t\t\t<div class=\"elementor-row\">\n\t\t\t\t\t<div class=\"elementor-column elementor-col-100 elementor-top-column elementor-element elementor-element-4a78216\" data-id=\"4a78216\" data-element_type=\"column\">\n\t\t\t<div class=\"elementor-column-wrap elementor-element-populated\">\n\t\t\t\t\t\t\t<div class=\"elementor-widget-wrap\">\n\t\t\t\t\t\t<div class=\"elementor-element elementor-element-87fc41c elementor-widget elementor-widget-text-editor\" data-id=\"87fc41c\" data-element_type=\"widget\" data-widget_type=\"text-editor.default\">\n\t\t\t\t<div class=\"elementor-widget-container\">\n\t\t\t\t\t\t\t\t<div class=\"elementor-text-editor elementor-clearfix\">\n\t\t\t\t<h1>\u201e(Un)Popul\u00e4res Musiktheater! Patriotismus auf der B\u00fchne 1789\u20131830\u201c.<br \/>\nLuigi Cherubini: Ein Komponist zwischen Revolution und Restauration<\/h1>\n<p><u><br \/>\n<\/u>14.30 Uhr<br \/>\nEr\u00f6ffnung<\/p>\n<p>Michael Fend: Cherubini\u2019s Waterloo<\/p>\n<p>15.30 Uhr<br \/>\nHelen Geyer: Patriotismus oder Ausweg? \u00dcberlegungen zu einigen Aspekten im Opernschaffen Luigi Cherubinis<\/p>\n<p>16.15\u201316.30 Uhr<br \/>\nPAUSE<\/p>\n<p>16.30 Uhr<br \/>\nMichael Pauser: (Un)Popul\u00e4r f\u00fcr wen? Gedanken zu Luigi Cherubinis Kompositionen im Spannungsfeld zwischen Franz\u00f6sischer Revolution und h\u00f6fischer Repr\u00e4sentation<\/p>\n<p>17.15 Uhr<br \/>\nErich Tremmel: Cherubinis Abenc\u00e9rages. Tagesaktualit\u00e4t und \u00dcberzeitlichkeit<\/p>\n<p>19.30 Uhr<br \/>\nKonzert<br \/>\nLeitung: Florence Millet, HfMT K\u00f6ln<\/p>\n\t\t\t\t\t<\/div>\n\t\t\t\t\t\t<\/div>\n\t\t\t\t<\/div>\n\t\t\t\t\t\t<\/div>\n\t\t\t\t\t<\/div>\n\t\t<\/div>\n\t\t\t\t\t\t\t\t<\/div>\n\t\t\t\t\t<\/div>\n\t\t<\/section>\n\t\t\t\t<section class=\"elementor-section elementor-top-section elementor-element elementor-element-311e683 elementor-section-boxed elementor-section-height-default elementor-section-height-default\" data-id=\"311e683\" data-element_type=\"section\">\n\t\t\t\t\t\t<div class=\"elementor-container elementor-column-gap-default\">\n\t\t\t\t\t\t\t<div class=\"elementor-row\">\n\t\t\t\t\t<div class=\"elementor-column elementor-col-100 elementor-top-column elementor-element elementor-element-7576a74\" data-id=\"7576a74\" data-element_type=\"column\">\n\t\t\t<div class=\"elementor-column-wrap elementor-element-populated\">\n\t\t\t\t\t\t\t<div class=\"elementor-widget-wrap\">\n\t\t\t\t\t\t<div class=\"elementor-element elementor-element-04fe05d elementor-widget elementor-widget-spacer\" data-id=\"04fe05d\" data-element_type=\"widget\" data-widget_type=\"spacer.default\">\n\t\t\t\t<div class=\"elementor-widget-container\">\n\t\t\t\t\t<div class=\"elementor-spacer\">\n\t\t\t<div class=\"elementor-spacer-inner\"><\/div>\n\t\t<\/div>\n\t\t\t\t<\/div>\n\t\t\t\t<\/div>\n\t\t\t\t\t\t<\/div>\n\t\t\t\t\t<\/div>\n\t\t<\/div>\n\t\t\t\t\t\t\t\t<\/div>\n\t\t\t\t\t<\/div>\n\t\t<\/section>\n\t\t\t\t<section class=\"elementor-section elementor-top-section elementor-element elementor-element-a36b21c elementor-section-boxed elementor-section-height-default elementor-section-height-default\" data-id=\"a36b21c\" data-element_type=\"section\">\n\t\t\t\t\t\t<div class=\"elementor-container elementor-column-gap-default\">\n\t\t\t\t\t\t\t<div class=\"elementor-row\">\n\t\t\t\t\t<div class=\"elementor-column elementor-col-100 elementor-top-column elementor-element elementor-element-89e2730\" data-id=\"89e2730\" data-element_type=\"column\">\n\t\t\t<div class=\"elementor-column-wrap elementor-element-populated\">\n\t\t\t\t\t\t\t<div class=\"elementor-widget-wrap\">\n\t\t\t\t\t\t<div class=\"elementor-element elementor-element-fc3b134 elementor-widget elementor-widget-gallery\" data-id=\"fc3b134\" data-element_type=\"widget\" data-settings=\"{&quot;columns&quot;:5,&quot;lazyload&quot;:&quot;yes&quot;,&quot;gallery_layout&quot;:&quot;grid&quot;,&quot;columns_tablet&quot;:2,&quot;columns_mobile&quot;:1,&quot;gap&quot;:{&quot;unit&quot;:&quot;px&quot;,&quot;size&quot;:10,&quot;sizes&quot;:[]},&quot;gap_tablet&quot;:{&quot;unit&quot;:&quot;px&quot;,&quot;size&quot;:10,&quot;sizes&quot;:[]},&quot;gap_mobile&quot;:{&quot;unit&quot;:&quot;px&quot;,&quot;size&quot;:10,&quot;sizes&quot;:[]},&quot;link_to&quot;:&quot;file&quot;,&quot;aspect_ratio&quot;:&quot;3:2&quot;,&quot;overlay_background&quot;:&quot;yes&quot;,&quot;content_hover_animation&quot;:&quot;fade-in&quot;}\" data-widget_type=\"gallery.default\">\n\t\t\t\t<div class=\"elementor-widget-container\">\n\t\t\t\t\t<div class=\"elementor-gallery__container\">\n\t\t\t\t\t\t\t<a class=\"e-gallery-item elementor-gallery-item elementor-animated-content\" href=\"https:\/\/www.luigicherubini.de\/wp-content\/uploads\/2022\/02\/Bonn-2021-1.jpg\" data-elementor-open-lightbox=\"yes\" data-elementor-lightbox-slideshow=\"all-fc3b134\" data-elementor-lightbox-title=\"Bonn-2021-(1)\" data-e-action-hash=\"#elementor-action%3Aaction%3Dlightbox%26settings%3DeyJpZCI6MTkwNiwidXJsIjoiaHR0cHM6XC9cL3d3dy5sdWlnaWNoZXJ1YmluaS5kZVwvd3AtY29udGVudFwvdXBsb2Fkc1wvMjAyMlwvMDJcL0Jvbm4tMjAyMS0xLmpwZyIsInNsaWRlc2hvdyI6ImFsbC1mYzNiMTM0In0%3D\">\n\t\t\t\t\t<div class=\"e-gallery-image elementor-gallery-item__image\" data-thumbnail=\"https:\/\/www.luigicherubini.de\/wp-content\/uploads\/2022\/02\/Bonn-2021-1-300x200.jpg\" data-width=\"300\" data-height=\"200\" aria-label=\"\" role=\"img\" ><\/div>\n\t\t\t\t\t\t\t\t\t\t\t<div class=\"elementor-gallery-item__overlay\"><\/div>\n\t\t\t\t\t\t\t\t\t\t\t\t\t\t<\/a>\n\t\t\t\t\t\t\t<a class=\"e-gallery-item elementor-gallery-item elementor-animated-content\" href=\"https:\/\/www.luigicherubini.de\/wp-content\/uploads\/2022\/02\/Bonn-2021-2.jpg\" data-elementor-open-lightbox=\"yes\" data-elementor-lightbox-slideshow=\"all-fc3b134\" data-elementor-lightbox-title=\"Bonn-2021-(2)\" data-e-action-hash=\"#elementor-action%3Aaction%3Dlightbox%26settings%3DeyJpZCI6MTkxMCwidXJsIjoiaHR0cHM6XC9cL3d3dy5sdWlnaWNoZXJ1YmluaS5kZVwvd3AtY29udGVudFwvdXBsb2Fkc1wvMjAyMlwvMDJcL0Jvbm4tMjAyMS0yLmpwZyIsInNsaWRlc2hvdyI6ImFsbC1mYzNiMTM0In0%3D\">\n\t\t\t\t\t<div class=\"e-gallery-image elementor-gallery-item__image\" data-thumbnail=\"https:\/\/www.luigicherubini.de\/wp-content\/uploads\/2022\/02\/Bonn-2021-2-300x200.jpg\" data-width=\"300\" data-height=\"200\" aria-label=\"\" role=\"img\" ><\/div>\n\t\t\t\t\t\t\t\t\t\t\t<div class=\"elementor-gallery-item__overlay\"><\/div>\n\t\t\t\t\t\t\t\t\t\t\t\t\t\t<\/a>\n\t\t\t\t\t\t\t<a class=\"e-gallery-item elementor-gallery-item elementor-animated-content\" href=\"https:\/\/www.luigicherubini.de\/wp-content\/uploads\/2022\/02\/Bonn-2021-3.jpg\" data-elementor-open-lightbox=\"yes\" data-elementor-lightbox-slideshow=\"all-fc3b134\" data-elementor-lightbox-title=\"Bonn-2021-(3)\" data-e-action-hash=\"#elementor-action%3Aaction%3Dlightbox%26settings%3DeyJpZCI6MTkxNCwidXJsIjoiaHR0cHM6XC9cL3d3dy5sdWlnaWNoZXJ1YmluaS5kZVwvd3AtY29udGVudFwvdXBsb2Fkc1wvMjAyMlwvMDJcL0Jvbm4tMjAyMS0zLmpwZyIsInNsaWRlc2hvdyI6ImFsbC1mYzNiMTM0In0%3D\">\n\t\t\t\t\t<div class=\"e-gallery-image elementor-gallery-item__image\" data-thumbnail=\"https:\/\/www.luigicherubini.de\/wp-content\/uploads\/2022\/02\/Bonn-2021-3-300x200.jpg\" data-width=\"300\" data-height=\"200\" aria-label=\"\" role=\"img\" ><\/div>\n\t\t\t\t\t\t\t\t\t\t\t<div class=\"elementor-gallery-item__overlay\"><\/div>\n\t\t\t\t\t\t\t\t\t\t\t\t\t\t<\/a>\n\t\t\t\t\t\t\t<a class=\"e-gallery-item elementor-gallery-item elementor-animated-content\" href=\"https:\/\/www.luigicherubini.de\/wp-content\/uploads\/2022\/02\/Bonn-2021-4.jpg\" data-elementor-open-lightbox=\"yes\" data-elementor-lightbox-slideshow=\"all-fc3b134\" data-elementor-lightbox-title=\"Bonn-2021-(4)\" data-e-action-hash=\"#elementor-action%3Aaction%3Dlightbox%26settings%3DeyJpZCI6MTkxOCwidXJsIjoiaHR0cHM6XC9cL3d3dy5sdWlnaWNoZXJ1YmluaS5kZVwvd3AtY29udGVudFwvdXBsb2Fkc1wvMjAyMlwvMDJcL0Jvbm4tMjAyMS00LmpwZyIsInNsaWRlc2hvdyI6ImFsbC1mYzNiMTM0In0%3D\">\n\t\t\t\t\t<div class=\"e-gallery-image elementor-gallery-item__image\" data-thumbnail=\"https:\/\/www.luigicherubini.de\/wp-content\/uploads\/2022\/02\/Bonn-2021-4-300x200.jpg\" data-width=\"300\" data-height=\"200\" aria-label=\"\" role=\"img\" ><\/div>\n\t\t\t\t\t\t\t\t\t\t\t<div class=\"elementor-gallery-item__overlay\"><\/div>\n\t\t\t\t\t\t\t\t\t\t\t\t\t\t<\/a>\n\t\t\t\t\t\t\t<a class=\"e-gallery-item elementor-gallery-item elementor-animated-content\" href=\"https:\/\/www.luigicherubini.de\/wp-content\/uploads\/2022\/02\/Bonn-2021-5.jpg\" data-elementor-open-lightbox=\"yes\" data-elementor-lightbox-slideshow=\"all-fc3b134\" data-elementor-lightbox-title=\"Bonn-2021-(5)\" data-e-action-hash=\"#elementor-action%3Aaction%3Dlightbox%26settings%3DeyJpZCI6MTkyMiwidXJsIjoiaHR0cHM6XC9cL3d3dy5sdWlnaWNoZXJ1YmluaS5kZVwvd3AtY29udGVudFwvdXBsb2Fkc1wvMjAyMlwvMDJcL0Jvbm4tMjAyMS01LmpwZyIsInNsaWRlc2hvdyI6ImFsbC1mYzNiMTM0In0%3D\">\n\t\t\t\t\t<div class=\"e-gallery-image elementor-gallery-item__image\" data-thumbnail=\"https:\/\/www.luigicherubini.de\/wp-content\/uploads\/2022\/02\/Bonn-2021-5-300x200.jpg\" data-width=\"300\" data-height=\"200\" aria-label=\"\" role=\"img\" ><\/div>\n\t\t\t\t\t\t\t\t\t\t\t<div class=\"elementor-gallery-item__overlay\"><\/div>\n\t\t\t\t\t\t\t\t\t\t\t\t\t\t<\/a>\n\t\t\t\t\t\t\t<a class=\"e-gallery-item elementor-gallery-item elementor-animated-content\" href=\"https:\/\/www.luigicherubini.de\/wp-content\/uploads\/2022\/02\/Bonn-2021-6.jpg\" data-elementor-open-lightbox=\"yes\" data-elementor-lightbox-slideshow=\"all-fc3b134\" data-elementor-lightbox-title=\"Bonn-2021-(6)\" data-e-action-hash=\"#elementor-action%3Aaction%3Dlightbox%26settings%3DeyJpZCI6MTkyNiwidXJsIjoiaHR0cHM6XC9cL3d3dy5sdWlnaWNoZXJ1YmluaS5kZVwvd3AtY29udGVudFwvdXBsb2Fkc1wvMjAyMlwvMDJcL0Jvbm4tMjAyMS02LmpwZyIsInNsaWRlc2hvdyI6ImFsbC1mYzNiMTM0In0%3D\">\n\t\t\t\t\t<div class=\"e-gallery-image elementor-gallery-item__image\" data-thumbnail=\"https:\/\/www.luigicherubini.de\/wp-content\/uploads\/2022\/02\/Bonn-2021-6-300x200.jpg\" data-width=\"300\" data-height=\"200\" aria-label=\"\" role=\"img\" ><\/div>\n\t\t\t\t\t\t\t\t\t\t\t<div class=\"elementor-gallery-item__overlay\"><\/div>\n\t\t\t\t\t\t\t\t\t\t\t\t\t\t<\/a>\n\t\t\t\t\t\t\t<a class=\"e-gallery-item elementor-gallery-item elementor-animated-content\" href=\"https:\/\/www.luigicherubini.de\/wp-content\/uploads\/2022\/02\/Bonn-2021-7.jpg\" data-elementor-open-lightbox=\"yes\" data-elementor-lightbox-slideshow=\"all-fc3b134\" data-elementor-lightbox-title=\"Bonn-2021-(7)\" data-e-action-hash=\"#elementor-action%3Aaction%3Dlightbox%26settings%3DeyJpZCI6MTkzMCwidXJsIjoiaHR0cHM6XC9cL3d3dy5sdWlnaWNoZXJ1YmluaS5kZVwvd3AtY29udGVudFwvdXBsb2Fkc1wvMjAyMlwvMDJcL0Jvbm4tMjAyMS03LmpwZyIsInNsaWRlc2hvdyI6ImFsbC1mYzNiMTM0In0%3D\">\n\t\t\t\t\t<div class=\"e-gallery-image elementor-gallery-item__image\" data-thumbnail=\"https:\/\/www.luigicherubini.de\/wp-content\/uploads\/2022\/02\/Bonn-2021-7-300x200.jpg\" data-width=\"300\" data-height=\"200\" aria-label=\"\" role=\"img\" ><\/div>\n\t\t\t\t\t\t\t\t\t\t\t<div class=\"elementor-gallery-item__overlay\"><\/div>\n\t\t\t\t\t\t\t\t\t\t\t\t\t\t<\/a>\n\t\t\t\t\t\t\t<a class=\"e-gallery-item elementor-gallery-item elementor-animated-content\" href=\"https:\/\/www.luigicherubini.de\/wp-content\/uploads\/2022\/02\/Bonn-2021-8.jpg\" data-elementor-open-lightbox=\"yes\" data-elementor-lightbox-slideshow=\"all-fc3b134\" data-elementor-lightbox-title=\"Bonn-2021-(8)\" data-e-action-hash=\"#elementor-action%3Aaction%3Dlightbox%26settings%3DeyJpZCI6MTkzNCwidXJsIjoiaHR0cHM6XC9cL3d3dy5sdWlnaWNoZXJ1YmluaS5kZVwvd3AtY29udGVudFwvdXBsb2Fkc1wvMjAyMlwvMDJcL0Jvbm4tMjAyMS04LmpwZyIsInNsaWRlc2hvdyI6ImFsbC1mYzNiMTM0In0%3D\">\n\t\t\t\t\t<div class=\"e-gallery-image elementor-gallery-item__image\" data-thumbnail=\"https:\/\/www.luigicherubini.de\/wp-content\/uploads\/2022\/02\/Bonn-2021-8-300x200.jpg\" data-width=\"300\" data-height=\"200\" aria-label=\"\" role=\"img\" ><\/div>\n\t\t\t\t\t\t\t\t\t\t\t<div class=\"elementor-gallery-item__overlay\"><\/div>\n\t\t\t\t\t\t\t\t\t\t\t\t\t\t<\/a>\n\t\t\t\t\t\t\t<a class=\"e-gallery-item elementor-gallery-item elementor-animated-content\" href=\"https:\/\/www.luigicherubini.de\/wp-content\/uploads\/2022\/02\/Bonn-2021-9.jpg\" data-elementor-open-lightbox=\"yes\" data-elementor-lightbox-slideshow=\"all-fc3b134\" data-elementor-lightbox-title=\"Bonn-2021-(9)\" data-e-action-hash=\"#elementor-action%3Aaction%3Dlightbox%26settings%3DeyJpZCI6MTkzOCwidXJsIjoiaHR0cHM6XC9cL3d3dy5sdWlnaWNoZXJ1YmluaS5kZVwvd3AtY29udGVudFwvdXBsb2Fkc1wvMjAyMlwvMDJcL0Jvbm4tMjAyMS05LmpwZyIsInNsaWRlc2hvdyI6ImFsbC1mYzNiMTM0In0%3D\">\n\t\t\t\t\t<div class=\"e-gallery-image elementor-gallery-item__image\" data-thumbnail=\"https:\/\/www.luigicherubini.de\/wp-content\/uploads\/2022\/02\/Bonn-2021-9-300x200.jpg\" data-width=\"300\" data-height=\"200\" aria-label=\"\" role=\"img\" ><\/div>\n\t\t\t\t\t\t\t\t\t\t\t<div class=\"elementor-gallery-item__overlay\"><\/div>\n\t\t\t\t\t\t\t\t\t\t\t\t\t\t<\/a>\n\t\t\t\t\t\t\t<a class=\"e-gallery-item elementor-gallery-item elementor-animated-content\" href=\"https:\/\/www.luigicherubini.de\/wp-content\/uploads\/2022\/02\/Bonn-2021-10.jpg\" data-elementor-open-lightbox=\"yes\" data-elementor-lightbox-slideshow=\"all-fc3b134\" data-elementor-lightbox-title=\"Bonn-2021-(10)\" data-e-action-hash=\"#elementor-action%3Aaction%3Dlightbox%26settings%3DeyJpZCI6MTk0MiwidXJsIjoiaHR0cHM6XC9cL3d3dy5sdWlnaWNoZXJ1YmluaS5kZVwvd3AtY29udGVudFwvdXBsb2Fkc1wvMjAyMlwvMDJcL0Jvbm4tMjAyMS0xMC5qcGciLCJzbGlkZXNob3ciOiJhbGwtZmMzYjEzNCJ9\">\n\t\t\t\t\t<div class=\"e-gallery-image elementor-gallery-item__image\" data-thumbnail=\"https:\/\/www.luigicherubini.de\/wp-content\/uploads\/2022\/02\/Bonn-2021-10-300x200.jpg\" data-width=\"300\" data-height=\"200\" aria-label=\"\" role=\"img\" ><\/div>\n\t\t\t\t\t\t\t\t\t\t\t<div class=\"elementor-gallery-item__overlay\"><\/div>\n\t\t\t\t\t\t\t\t\t\t\t\t\t\t<\/a>\n\t\t\t\t\t\t\t<a class=\"e-gallery-item elementor-gallery-item elementor-animated-content\" href=\"https:\/\/www.luigicherubini.de\/wp-content\/uploads\/2022\/02\/Bonn-2021-11.jpg\" data-elementor-open-lightbox=\"yes\" data-elementor-lightbox-slideshow=\"all-fc3b134\" data-elementor-lightbox-title=\"Bonn-2021-(11)\" data-e-action-hash=\"#elementor-action%3Aaction%3Dlightbox%26settings%3DeyJpZCI6MTk0NiwidXJsIjoiaHR0cHM6XC9cL3d3dy5sdWlnaWNoZXJ1YmluaS5kZVwvd3AtY29udGVudFwvdXBsb2Fkc1wvMjAyMlwvMDJcL0Jvbm4tMjAyMS0xMS5qcGciLCJzbGlkZXNob3ciOiJhbGwtZmMzYjEzNCJ9\">\n\t\t\t\t\t<div class=\"e-gallery-image elementor-gallery-item__image\" data-thumbnail=\"https:\/\/www.luigicherubini.de\/wp-content\/uploads\/2022\/02\/Bonn-2021-11-300x200.jpg\" data-width=\"300\" data-height=\"200\" aria-label=\"\" role=\"img\" ><\/div>\n\t\t\t\t\t\t\t\t\t\t\t<div class=\"elementor-gallery-item__overlay\"><\/div>\n\t\t\t\t\t\t\t\t\t\t\t\t\t\t<\/a>\n\t\t\t\t\t\t\t<a class=\"e-gallery-item elementor-gallery-item elementor-animated-content\" href=\"https:\/\/www.luigicherubini.de\/wp-content\/uploads\/2022\/02\/Bonn-2021-12.jpg\" data-elementor-open-lightbox=\"yes\" data-elementor-lightbox-slideshow=\"all-fc3b134\" data-elementor-lightbox-title=\"Bonn-2021-(12)\" data-e-action-hash=\"#elementor-action%3Aaction%3Dlightbox%26settings%3DeyJpZCI6MTk1MCwidXJsIjoiaHR0cHM6XC9cL3d3dy5sdWlnaWNoZXJ1YmluaS5kZVwvd3AtY29udGVudFwvdXBsb2Fkc1wvMjAyMlwvMDJcL0Jvbm4tMjAyMS0xMi5qcGciLCJzbGlkZXNob3ciOiJhbGwtZmMzYjEzNCJ9\">\n\t\t\t\t\t<div class=\"e-gallery-image elementor-gallery-item__image\" data-thumbnail=\"https:\/\/www.luigicherubini.de\/wp-content\/uploads\/2022\/02\/Bonn-2021-12-300x200.jpg\" data-width=\"300\" data-height=\"200\" aria-label=\"\" role=\"img\" ><\/div>\n\t\t\t\t\t\t\t\t\t\t\t<div class=\"elementor-gallery-item__overlay\"><\/div>\n\t\t\t\t\t\t\t\t\t\t\t\t\t\t<\/a>\n\t\t\t\t\t\t\t<a class=\"e-gallery-item elementor-gallery-item elementor-animated-content\" href=\"https:\/\/www.luigicherubini.de\/wp-content\/uploads\/2022\/02\/Bonn-2021-13.jpg\" data-elementor-open-lightbox=\"yes\" data-elementor-lightbox-slideshow=\"all-fc3b134\" data-elementor-lightbox-title=\"Bonn-2021-(13)\" data-e-action-hash=\"#elementor-action%3Aaction%3Dlightbox%26settings%3DeyJpZCI6MTk1NCwidXJsIjoiaHR0cHM6XC9cL3d3dy5sdWlnaWNoZXJ1YmluaS5kZVwvd3AtY29udGVudFwvdXBsb2Fkc1wvMjAyMlwvMDJcL0Jvbm4tMjAyMS0xMy5qcGciLCJzbGlkZXNob3ciOiJhbGwtZmMzYjEzNCJ9\">\n\t\t\t\t\t<div class=\"e-gallery-image elementor-gallery-item__image\" data-thumbnail=\"https:\/\/www.luigicherubini.de\/wp-content\/uploads\/2022\/02\/Bonn-2021-13-300x200.jpg\" data-width=\"300\" data-height=\"200\" aria-label=\"\" role=\"img\" ><\/div>\n\t\t\t\t\t\t\t\t\t\t\t<div class=\"elementor-gallery-item__overlay\"><\/div>\n\t\t\t\t\t\t\t\t\t\t\t\t\t\t<\/a>\n\t\t\t\t\t\t\t<a class=\"e-gallery-item elementor-gallery-item elementor-animated-content\" href=\"https:\/\/www.luigicherubini.de\/wp-content\/uploads\/2022\/02\/Bonn-2021-14.jpg\" data-elementor-open-lightbox=\"yes\" data-elementor-lightbox-slideshow=\"all-fc3b134\" data-elementor-lightbox-title=\"Bonn-2021-(14)\" data-e-action-hash=\"#elementor-action%3Aaction%3Dlightbox%26settings%3DeyJpZCI6MTk1OCwidXJsIjoiaHR0cHM6XC9cL3d3dy5sdWlnaWNoZXJ1YmluaS5kZVwvd3AtY29udGVudFwvdXBsb2Fkc1wvMjAyMlwvMDJcL0Jvbm4tMjAyMS0xNC5qcGciLCJzbGlkZXNob3ciOiJhbGwtZmMzYjEzNCJ9\">\n\t\t\t\t\t<div class=\"e-gallery-image elementor-gallery-item__image\" data-thumbnail=\"https:\/\/www.luigicherubini.de\/wp-content\/uploads\/2022\/02\/Bonn-2021-14-300x169.jpg\" data-width=\"300\" data-height=\"169\" aria-label=\"\" role=\"img\" ><\/div>\n\t\t\t\t\t\t\t\t\t\t\t<div class=\"elementor-gallery-item__overlay\"><\/div>\n\t\t\t\t\t\t\t\t\t\t\t\t\t\t<\/a>\n\t\t\t\t\t<\/div>\n\t\t\t<\/div>\n\t\t\t\t<\/div>\n\t\t\t\t\t\t<\/div>\n\t\t\t\t\t<\/div>\n\t\t<\/div>\n\t\t\t\t\t\t\t\t<\/div>\n\t\t\t\t\t<\/div>\n\t\t<\/section>\n\t\t\t\t\t\t\t\t\t<\/div>\n\t\t\t<\/div>\n\t\t\t\t\t<\/div>\n\t\t","protected":false},"excerpt":{"rendered":"<p>\u201e(Un)Popul\u00e4res Musiktheater! Patriotismus auf der B\u00fchne 1789\u20131830\u201c. Luigi Cherubini: Ein Komponist zwischen Revolution und Restauration 14.30 Uhr Er\u00f6ffnung Michael Fend: Cherubini\u2019s Waterloo 15.30 Uhr Helen Geyer: Patriotismus oder Ausweg? \u00dcberlegungen [&hellip;]<\/p>\n","protected":false},"author":2,"featured_media":0,"parent":0,"menu_order":0,"comment_status":"closed","ping_status":"closed","template":"elementor_header_footer","meta":{"footnotes":""},"class_list":["post-1964","page","type-page","status-publish","hentry"],"_links":{"self":[{"href":"https:\/\/www.luigicherubini.de\/en\/wp-json\/wp\/v2\/pages\/1964","targetHints":{"allow":["GET"]}}],"collection":[{"href":"https:\/\/www.luigicherubini.de\/en\/wp-json\/wp\/v2\/pages"}],"about":[{"href":"https:\/\/www.luigicherubini.de\/en\/wp-json\/wp\/v2\/types\/page"}],"author":[{"embeddable":true,"href":"https:\/\/www.luigicherubini.de\/en\/wp-json\/wp\/v2\/users\/2"}],"replies":[{"embeddable":true,"href":"https:\/\/www.luigicherubini.de\/en\/wp-json\/wp\/v2\/comments?post=1964"}],"version-history":[{"count":1,"href":"https:\/\/www.luigicherubini.de\/en\/wp-json\/wp\/v2\/pages\/1964\/revisions"}],"predecessor-version":[{"id":1965,"href":"https:\/\/www.luigicherubini.de\/en\/wp-json\/wp\/v2\/pages\/1964\/revisions\/1965"}],"wp:attachment":[{"href":"https:\/\/www.luigicherubini.de\/en\/wp-json\/wp\/v2\/media?parent=1964"}],"curies":[{"name":"wp","href":"https:\/\/api.w.org\/{rel}","templated":true}]}}