{"id":1050,"date":"2021-04-30T10:46:00","date_gmt":"2021-04-30T08:46:00","guid":{"rendered":"https:\/\/www.luigicherubini.de\/wordpress\/cherubini-studies\/"},"modified":"2022-02-02T12:48:12","modified_gmt":"2022-02-02T11:48:12","slug":"cherubini-studies","status":"publish","type":"page","link":"https:\/\/www.luigicherubini.de\/fr\/cherubini-studies\/","title":{"rendered":"Cherubini Studies"},"content":{"rendered":"\t\t<div data-elementor-type=\"wp-page\" data-elementor-id=\"1050\" class=\"elementor elementor-1050 elementor-979\">\n\t\t\t\t\t\t<div class=\"elementor-inner\">\n\t\t\t\t<div class=\"elementor-section-wrap\">\n\t\t\t\t\t\t\t\t\t<section class=\"elementor-section elementor-top-section elementor-element elementor-element-14ae0a1f elementor-section-height-min-height elementor-section-boxed elementor-section-height-default elementor-section-items-middle\" data-id=\"14ae0a1f\" data-element_type=\"section\" data-settings=\"{&quot;background_background&quot;:&quot;classic&quot;,&quot;shape_divider_bottom&quot;:&quot;tilt&quot;}\">\n\t\t\t\t\t\t\t<div class=\"elementor-background-overlay\"><\/div>\n\t\t\t\t\t\t<div class=\"elementor-shape elementor-shape-bottom\" data-negative=\"false\">\n\t\t\t<svg xmlns=\"http:\/\/www.w3.org\/2000\/svg\" viewBox=\"0 0 1000 100\" preserveAspectRatio=\"none\">\n\t<path class=\"elementor-shape-fill\" d=\"M0,6V0h1000v100L0,6z\"\/>\n<\/svg>\t\t<\/div>\n\t\t\t\t\t<div class=\"elementor-container elementor-column-gap-default\">\n\t\t\t\t\t\t\t<div class=\"elementor-row\">\n\t\t\t\t\t<div class=\"elementor-column elementor-col-50 elementor-top-column elementor-element elementor-element-6c447e6b\" data-id=\"6c447e6b\" data-element_type=\"column\">\n\t\t\t<div class=\"elementor-column-wrap elementor-element-populated\">\n\t\t\t\t\t\t\t<div class=\"elementor-widget-wrap\">\n\t\t\t\t\t\t<div class=\"elementor-element elementor-element-70d7e3b1 elementor-widget-divider--view-line elementor-widget elementor-widget-divider\" data-id=\"70d7e3b1\" data-element_type=\"widget\" data-widget_type=\"divider.default\">\n\t\t\t\t<div class=\"elementor-widget-container\">\n\t\t\t\t\t<div class=\"elementor-divider\">\n\t\t\t<span class=\"elementor-divider-separator\">\n\t\t\t\t\t\t<\/span>\n\t\t<\/div>\n\t\t\t\t<\/div>\n\t\t\t\t<\/div>\n\t\t\t\t\t\t<\/div>\n\t\t\t\t\t<\/div>\n\t\t<\/div>\n\t\t\t\t<div class=\"elementor-column elementor-col-50 elementor-top-column elementor-element elementor-element-5b373bd0\" data-id=\"5b373bd0\" data-element_type=\"column\">\n\t\t\t<div class=\"elementor-column-wrap elementor-element-populated\">\n\t\t\t\t\t\t\t<div class=\"elementor-widget-wrap\">\n\t\t\t\t\t\t<div class=\"elementor-element elementor-element-38cd01ab elementor-widget elementor-widget-image\" data-id=\"38cd01ab\" data-element_type=\"widget\" data-widget_type=\"image.default\">\n\t\t\t\t<div class=\"elementor-widget-container\">\n\t\t\t\t\t\t\t\t<div class=\"elementor-image\">\n\t\t\t\t\t\t\t\t\t\t\t\t<img loading=\"lazy\" decoding=\"async\" width=\"300\" height=\"300\" src=\"https:\/\/www.luigicherubini.de\/wp-content\/uploads\/2022\/02\/CS2_Cover_web-300x300.jpg\" class=\"attachment-medium size-medium wp-image-1405\" alt=\"\" srcset=\"https:\/\/www.luigicherubini.de\/wp-content\/uploads\/2022\/02\/CS2_Cover_web-300x300.jpg 300w, https:\/\/www.luigicherubini.de\/wp-content\/uploads\/2022\/02\/CS2_Cover_web-150x150.jpg 150w, https:\/\/www.luigicherubini.de\/wp-content\/uploads\/2022\/02\/CS2_Cover_web.jpg 600w\" sizes=\"auto, (max-width: 300px) 100vw, 300px\" \/>\t\t\t\t\t\t\t\t\t\t\t\t\t\t<\/div>\n\t\t\t\t\t\t<\/div>\n\t\t\t\t<\/div>\n\t\t\t\t\t\t<\/div>\n\t\t\t\t\t<\/div>\n\t\t<\/div>\n\t\t\t\t\t\t\t\t<\/div>\n\t\t\t\t\t<\/div>\n\t\t<\/section>\n\t\t\t\t<section class=\"elementor-section elementor-top-section elementor-element elementor-element-3c3a02e elementor-section-boxed elementor-section-height-default elementor-section-height-default\" data-id=\"3c3a02e\" data-element_type=\"section\">\n\t\t\t\t\t\t<div class=\"elementor-container elementor-column-gap-default\">\n\t\t\t\t\t\t\t<div class=\"elementor-row\">\n\t\t\t\t\t<div class=\"elementor-column elementor-col-100 elementor-top-column elementor-element elementor-element-346129a\" data-id=\"346129a\" data-element_type=\"column\">\n\t\t\t<div class=\"elementor-column-wrap elementor-element-populated\">\n\t\t\t\t\t\t\t<div class=\"elementor-widget-wrap\">\n\t\t\t\t\t\t<div class=\"elementor-element elementor-element-a7a5087 elementor-widget elementor-widget-text-editor\" data-id=\"a7a5087\" data-element_type=\"widget\" data-widget_type=\"text-editor.default\">\n\t\t\t\t<div class=\"elementor-widget-container\">\n\t\t\t\t\t\t\t\t<div class=\"elementor-text-editor elementor-clearfix\">\n\t\t\t\t<p><em>Introduction fran\u00e7aise suit&#8230;<\/em><\/p>\n<p>Die <strong><em>Cherubini Studies<\/em><\/strong> verfolgen das Ziel, ein Diskussionsforum f\u00fcr Cherubinis \u0152uvre im Kontext seiner Zeit zu bilden. Immerhin galten seine Lehre und sein Werk im 19. und noch fr\u00fchen 20. Jahrhundert als ma\u00dfstabsetzend. Um diesem gro\u00dfen Komponisten wieder die ihm geb\u00fchrende Aufmerksamkeit zukommen zu lassen, werden Kongressberichte wie auch Einzelmonographien zu ausgew\u00e4hlten Aspekten oder thematisch komprimierte \u00dcberlegungen zu seinem Schaffen und zu Rezeptionsfragen publiziert.<\/p>\n<p>Gerade hinsichtlich der vielf\u00e4ltigen \u00e4sthetischen Positionen im Spannungsfeld der politischen und philosophischen Entwicklungen seit dem ausgehenden 18. Jahrhundert finden sich in seinem Werk mannigfaltige Ankn\u00fcpfungspunkte, die die Eigenst\u00e4ndigkeit und Eigenwilligkeit dieses Komponisten aufzeigen, der das enorme Erbe der Vergangenheit souver\u00e4n mit zukunftstragenden Perspektiven zu verbinden wusste.<\/p>\n<p>Auch dank seiner Funktion als Direktor des Pariser Konservatoriums erwuchs ihm ein Vorbildcharakter. So setzte er Ma\u00dfst\u00e4be, an denen sich zweifelsohne manche Zeitgenossen rieben. Seine herausragende Instrumentierungskunst, verbunden mit semantischer Bedeutung, seine singul\u00e4ren und oft \u00fcberraschenden harmonischen Konzeptionen sowie die dichte, ihm eigene kompositorische Struktur in allen Sparten wiesen exemplarisch den Weg bis in das sp\u00e4te 19. Jahrhundert hinein.<\/p>\n\t\t\t\t\t<\/div>\n\t\t\t\t\t\t<\/div>\n\t\t\t\t<\/div>\n\t\t\t\t\t\t<\/div>\n\t\t\t\t\t<\/div>\n\t\t<\/div>\n\t\t\t\t\t\t\t\t<\/div>\n\t\t\t\t\t<\/div>\n\t\t<\/section>\n\t\t\t\t<section class=\"elementor-section elementor-top-section elementor-element elementor-element-67ddf7c elementor-section-boxed elementor-section-height-default elementor-section-height-default\" data-id=\"67ddf7c\" data-element_type=\"section\">\n\t\t\t\t\t\t<div class=\"elementor-container elementor-column-gap-default\">\n\t\t\t\t\t\t\t<div class=\"elementor-row\">\n\t\t\t\t\t<div class=\"elementor-column elementor-col-100 elementor-top-column elementor-element elementor-element-52fcbc9\" data-id=\"52fcbc9\" data-element_type=\"column\">\n\t\t\t<div class=\"elementor-column-wrap elementor-element-populated\">\n\t\t\t\t\t\t\t<div class=\"elementor-widget-wrap\">\n\t\t\t\t\t\t<div class=\"elementor-element elementor-element-270b1d1 elementor-widget elementor-widget-text-editor\" data-id=\"270b1d1\" data-element_type=\"widget\" data-widget_type=\"text-editor.default\">\n\t\t\t\t<div class=\"elementor-widget-container\">\n\t\t\t\t\t\t\t\t<div class=\"elementor-text-editor elementor-clearfix\">\n\t\t\t\t<p style=\"text-align: center;\">Volume 1:<br \/><strong>Studio\u2022Verlag<\/strong><\/p>\n<p style=\"text-align: center;\">De volume 2:<br \/><strong>Verlag K\u00f6nigshausen &amp; Neumann<\/strong><\/p>\n<p style=\"text-align: center;\">Commande des tous les volumes chez:<\/p>\n<p style=\"text-align: center;\"><strong>Verlag K\u00f6nigshausen &amp; Neumann<\/strong><br \/><strong>Postfach 6007<\/strong><br \/><strong>97010 W\u00fcrzburg<\/strong><br \/><strong>Germany \u00b7 Allemagne \u00b7 Germania<\/strong><br \/><a href=\"https:\/\/www.verlag-koenigshausen-neumann.de\/advanced_search_result.php?keywords=luigi+cherubini\" target=\"_blank\" rel=\"noopener\"><strong>www.verlag-koenigshausen-neumann.de<\/strong><\/a><\/p>\n\t\t\t\t\t<\/div>\n\t\t\t\t\t\t<\/div>\n\t\t\t\t<\/div>\n\t\t\t\t\t\t<\/div>\n\t\t\t\t\t<\/div>\n\t\t<\/div>\n\t\t\t\t\t\t\t\t<\/div>\n\t\t\t\t\t<\/div>\n\t\t<\/section>\n\t\t\t\t<section class=\"elementor-section elementor-top-section elementor-element elementor-element-889c35a elementor-section-boxed elementor-section-height-default elementor-section-height-default\" data-id=\"889c35a\" data-element_type=\"section\">\n\t\t\t\t\t\t<div class=\"elementor-container elementor-column-gap-default\">\n\t\t\t\t\t\t\t<div class=\"elementor-row\">\n\t\t\t\t\t<div class=\"elementor-column elementor-col-33 elementor-top-column elementor-element elementor-element-23981a7\" data-id=\"23981a7\" data-element_type=\"column\">\n\t\t\t<div class=\"elementor-column-wrap elementor-element-populated\">\n\t\t\t\t\t\t\t<div class=\"elementor-widget-wrap\">\n\t\t\t\t\t\t<div class=\"elementor-element elementor-element-4db9ce1 elementor-widget elementor-widget-text-editor\" data-id=\"4db9ce1\" data-element_type=\"widget\" data-widget_type=\"text-editor.default\">\n\t\t\t\t<div class=\"elementor-widget-container\">\n\t\t\t\t\t\t\t\t<div class=\"elementor-text-editor elementor-clearfix\">\n\t\t\t\t<p style=\"text-align: right;\">T\u00e9l\u00e9fon: +49 (0) 931 32 98 70 11<\/p>\n\t\t\t\t\t<\/div>\n\t\t\t\t\t\t<\/div>\n\t\t\t\t<\/div>\n\t\t\t\t\t\t<\/div>\n\t\t\t\t\t<\/div>\n\t\t<\/div>\n\t\t\t\t<div class=\"elementor-column elementor-col-33 elementor-top-column elementor-element elementor-element-30af74d\" data-id=\"30af74d\" data-element_type=\"column\">\n\t\t\t<div class=\"elementor-column-wrap elementor-element-populated\">\n\t\t\t\t\t\t\t<div class=\"elementor-widget-wrap\">\n\t\t\t\t\t\t<div class=\"elementor-element elementor-element-6e83b47 elementor-widget elementor-widget-text-editor\" data-id=\"6e83b47\" data-element_type=\"widget\" data-widget_type=\"text-editor.default\">\n\t\t\t\t<div class=\"elementor-widget-container\">\n\t\t\t\t\t\t\t\t<div class=\"elementor-text-editor elementor-clearfix\">\n\t\t\t\t<p style=\"text-align: center;\">Fax: +49 (0) 931 32 98 70 29<\/p>\n\t\t\t\t\t<\/div>\n\t\t\t\t\t\t<\/div>\n\t\t\t\t<\/div>\n\t\t\t\t\t\t<\/div>\n\t\t\t\t\t<\/div>\n\t\t<\/div>\n\t\t\t\t<div class=\"elementor-column elementor-col-33 elementor-top-column elementor-element elementor-element-2e07cdf\" data-id=\"2e07cdf\" data-element_type=\"column\">\n\t\t\t<div class=\"elementor-column-wrap elementor-element-populated\">\n\t\t\t\t\t\t\t<div class=\"elementor-widget-wrap\">\n\t\t\t\t\t\t<div class=\"elementor-element elementor-element-779a052 elementor-widget elementor-widget-text-editor\" data-id=\"779a052\" data-element_type=\"widget\" data-widget_type=\"text-editor.default\">\n\t\t\t\t<div class=\"elementor-widget-container\">\n\t\t\t\t\t\t\t\t<div class=\"elementor-text-editor elementor-clearfix\">\n\t\t\t\t<p>e-mail: <a href=\"mailto:bestellung@koenigshausen-neumann.de\" target=\"_blank\" rel=\"noopener\">bestellung@koenigshausen-neumann.de<\/a><\/p>\n\t\t\t\t\t<\/div>\n\t\t\t\t\t\t<\/div>\n\t\t\t\t<\/div>\n\t\t\t\t\t\t<\/div>\n\t\t\t\t\t<\/div>\n\t\t<\/div>\n\t\t\t\t\t\t\t\t<\/div>\n\t\t\t\t\t<\/div>\n\t\t<\/section>\n\t\t\t\t<section class=\"elementor-section elementor-top-section elementor-element elementor-element-aa74dd1 elementor-section-boxed elementor-section-height-default elementor-section-height-default\" data-id=\"aa74dd1\" data-element_type=\"section\">\n\t\t\t\t\t\t<div class=\"elementor-container elementor-column-gap-default\">\n\t\t\t\t\t\t\t<div class=\"elementor-row\">\n\t\t\t\t\t<div class=\"elementor-column elementor-col-100 elementor-top-column elementor-element elementor-element-ac4dbec\" data-id=\"ac4dbec\" data-element_type=\"column\">\n\t\t\t<div class=\"elementor-column-wrap elementor-element-populated\">\n\t\t\t\t\t\t\t<div class=\"elementor-widget-wrap\">\n\t\t\t\t\t\t<div class=\"elementor-element elementor-element-e279d79 elementor-widget-divider--view-line elementor-widget elementor-widget-divider\" data-id=\"e279d79\" data-element_type=\"widget\" data-widget_type=\"divider.default\">\n\t\t\t\t<div class=\"elementor-widget-container\">\n\t\t\t\t\t<div class=\"elementor-divider\">\n\t\t\t<span class=\"elementor-divider-separator\">\n\t\t\t\t\t\t<\/span>\n\t\t<\/div>\n\t\t\t\t<\/div>\n\t\t\t\t<\/div>\n\t\t\t\t\t\t<\/div>\n\t\t\t\t\t<\/div>\n\t\t<\/div>\n\t\t\t\t\t\t\t\t<\/div>\n\t\t\t\t\t<\/div>\n\t\t<\/section>\n\t\t\t\t<section class=\"elementor-section elementor-top-section elementor-element elementor-element-8e63eb3 elementor-section-boxed elementor-section-height-default elementor-section-height-default\" data-id=\"8e63eb3\" data-element_type=\"section\">\n\t\t\t\t\t\t<div class=\"elementor-container elementor-column-gap-default\">\n\t\t\t\t\t\t\t<div class=\"elementor-row\">\n\t\t\t\t\t<div class=\"elementor-column elementor-col-100 elementor-top-column elementor-element elementor-element-89ebaca\" data-id=\"89ebaca\" data-element_type=\"column\">\n\t\t\t<div class=\"elementor-column-wrap elementor-element-populated\">\n\t\t\t\t\t\t\t<div class=\"elementor-widget-wrap\">\n\t\t\t\t\t\t<div class=\"elementor-element elementor-element-7e65e0c elementor-widget elementor-widget-toggle\" data-id=\"7e65e0c\" data-element_type=\"widget\" data-widget_type=\"toggle.default\">\n\t\t\t\t<div class=\"elementor-widget-container\">\n\t\t\t\t\t<div class=\"elementor-toggle\" role=\"tablist\">\n\t\t\t\t\t\t\t<div class=\"elementor-toggle-item\">\n\t\t\t\t\t<div id=\"elementor-tab-title-1321\" class=\"elementor-tab-title\" data-tab=\"1\" role=\"tab\" aria-controls=\"elementor-tab-content-1321\" aria-expanded=\"false\">\n\t\t\t\t\t\t\t\t\t\t\t\t<span class=\"elementor-toggle-icon elementor-toggle-icon-left\" aria-hidden=\"true\">\n\t\t\t\t\t\t\t\t\t\t\t\t\t\t\t<span class=\"elementor-toggle-icon-closed\"><i class=\"fas fa-caret-right\"><\/i><\/span>\n\t\t\t\t\t\t\t\t<span class=\"elementor-toggle-icon-opened\"><i class=\"elementor-toggle-icon-opened fas fa-caret-up\"><\/i><\/span>\n\t\t\t\t\t\t\t\t\t\t\t\t\t<\/span>\n\t\t\t\t\t\t\t\t\t\t\t\t<a href=\"\" class=\"elementor-toggle-title\">Cherubini Studies 1<\/a>\n\t\t\t\t\t<\/div>\n\n\t\t\t\t\t<div id=\"elementor-tab-content-1321\" class=\"elementor-tab-content elementor-clearfix\" data-tab=\"1\" role=\"tabpanel\" aria-labelledby=\"elementor-tab-title-1321\"><p><strong>Luigi Cherubini. Vielzitiert, bewundert, unbekannt<\/strong><br \/>\n\u00c9diteurs: Helen Geyer et Michael Pauser<\/p>\n<p><span class=\"float_contents\">Ann\u00e9e de publication: 2016<\/span><\/p>\n<p><span class=\"float_contents\">ISBN: 978-3-89564-158-9<br \/>\n<\/span><\/p>\n<p><a href=\"https:\/\/www.luigicherubini.de\/wordpress\/wp-content\/uploads\/2022\/02\/CS1_Inhalt.pdf\" target=\"_blank\" rel=\"noopener\">Cliquez ICI pour la table des mati\u00e8res et l&rsquo;avant-propos.<\/a><\/p>\n<\/div>\n\t\t\t\t<\/div>\n\t\t\t\t\t\t\t<div class=\"elementor-toggle-item\">\n\t\t\t\t\t<div id=\"elementor-tab-title-1322\" class=\"elementor-tab-title\" data-tab=\"2\" role=\"tab\" aria-controls=\"elementor-tab-content-1322\" aria-expanded=\"false\">\n\t\t\t\t\t\t\t\t\t\t\t\t<span class=\"elementor-toggle-icon elementor-toggle-icon-left\" aria-hidden=\"true\">\n\t\t\t\t\t\t\t\t\t\t\t\t\t\t\t<span class=\"elementor-toggle-icon-closed\"><i class=\"fas fa-caret-right\"><\/i><\/span>\n\t\t\t\t\t\t\t\t<span class=\"elementor-toggle-icon-opened\"><i class=\"elementor-toggle-icon-opened fas fa-caret-up\"><\/i><\/span>\n\t\t\t\t\t\t\t\t\t\t\t\t\t<\/span>\n\t\t\t\t\t\t\t\t\t\t\t\t<a href=\"\" class=\"elementor-toggle-title\">Cherubini Studies 2<\/a>\n\t\t\t\t\t<\/div>\n\n\t\t\t\t\t<div id=\"elementor-tab-content-1322\" class=\"elementor-tab-content elementor-clearfix\" data-tab=\"2\" role=\"tabpanel\" aria-labelledby=\"elementor-tab-title-1322\"><p><strong>Luigi Cherubini. Vom Autograph zur Auff\u00fchrung<\/strong><br \/>\n\u00c9diteurs: Helen Geyer et Michael Pauser<\/p>\n<p><span class=\"float_contents\">Ann\u00e9e de publication: 2022<\/span><\/p>\n<p><span class=\"float_contents\">ISBN: 978-3-8260-7028-0<\/span><\/p>\n<p><a href=\"https:\/\/www.luigicherubini.de\/wordpress\/wp-content\/uploads\/2022\/02\/CS2_Inhalt.pdf\" target=\"_blank\" rel=\"noopener\">Cliquez ICI pour la table des mati\u00e8res et l&rsquo;avant-propos.<\/a><\/p>\n<\/div>\n\t\t\t\t<\/div>\n\t\t\t\t\t\t\t<div class=\"elementor-toggle-item\">\n\t\t\t\t\t<div id=\"elementor-tab-title-1323\" class=\"elementor-tab-title\" data-tab=\"3\" role=\"tab\" aria-controls=\"elementor-tab-content-1323\" aria-expanded=\"false\">\n\t\t\t\t\t\t\t\t\t\t\t\t<span class=\"elementor-toggle-icon elementor-toggle-icon-left\" aria-hidden=\"true\">\n\t\t\t\t\t\t\t\t\t\t\t\t\t\t\t<span class=\"elementor-toggle-icon-closed\"><i class=\"fas fa-caret-right\"><\/i><\/span>\n\t\t\t\t\t\t\t\t<span class=\"elementor-toggle-icon-opened\"><i class=\"elementor-toggle-icon-opened fas fa-caret-up\"><\/i><\/span>\n\t\t\t\t\t\t\t\t\t\t\t\t\t<\/span>\n\t\t\t\t\t\t\t\t\t\t\t\t<a href=\"\" class=\"elementor-toggle-title\">Cherubini Studies 3<\/a>\n\t\t\t\t\t<\/div>\n\n\t\t\t\t\t<div id=\"elementor-tab-content-1323\" class=\"elementor-tab-content elementor-clearfix\" data-tab=\"3\" role=\"tabpanel\" aria-labelledby=\"elementor-tab-title-1323\"><p><strong>Luigi Cherubini. Il teatro musicale<\/strong><br \/>\u00c9diteurs: Maria Teresa Arfini, Francesca Menchelli-Buttini et Emilia Pantini<\/p>\n<p><span class=\"float_contents\">Ann\u00e9e de publication: 2020<\/span><\/p>\n<p>ISBN: 978-3-8260-7066-2<\/p>\n<p><a href=\"https:\/\/www.luigicherubini.de\/wordpress\/wp-content\/uploads\/2022\/02\/CS3_Inhalt.pdf\" target=\"_blank\" rel=\"noopener\">Cliquez ICI pour la table des mati\u00e8res et l&rsquo;avant-propos.<\/a><\/p>\n<\/div>\n\t\t\t\t<\/div>\n\t\t\t\t\t\t\t\t<\/div>\n\t\t\t\t<\/div>\n\t\t\t\t<\/div>\n\t\t\t\t\t\t<\/div>\n\t\t\t\t\t<\/div>\n\t\t<\/div>\n\t\t\t\t\t\t\t\t<\/div>\n\t\t\t\t\t<\/div>\n\t\t<\/section>\n\t\t\t\t\t\t\t\t\t<\/div>\n\t\t\t<\/div>\n\t\t\t\t\t<\/div>\n\t\t","protected":false},"excerpt":{"rendered":"<p>Introduction fran\u00e7aise suit&#8230; Die Cherubini Studies verfolgen das Ziel, ein Diskussionsforum f\u00fcr Cherubinis \u0152uvre im Kontext seiner Zeit zu bilden. Immerhin galten seine Lehre und sein Werk im 19. und [&hellip;]<\/p>\n","protected":false},"author":1,"featured_media":0,"parent":0,"menu_order":0,"comment_status":"closed","ping_status":"closed","template":"elementor_header_footer","meta":{"footnotes":""},"class_list":["post-1050","page","type-page","status-publish","hentry"],"_links":{"self":[{"href":"https:\/\/www.luigicherubini.de\/fr\/wp-json\/wp\/v2\/pages\/1050","targetHints":{"allow":["GET"]}}],"collection":[{"href":"https:\/\/www.luigicherubini.de\/fr\/wp-json\/wp\/v2\/pages"}],"about":[{"href":"https:\/\/www.luigicherubini.de\/fr\/wp-json\/wp\/v2\/types\/page"}],"author":[{"embeddable":true,"href":"https:\/\/www.luigicherubini.de\/fr\/wp-json\/wp\/v2\/users\/1"}],"replies":[{"embeddable":true,"href":"https:\/\/www.luigicherubini.de\/fr\/wp-json\/wp\/v2\/comments?post=1050"}],"version-history":[{"count":11,"href":"https:\/\/www.luigicherubini.de\/fr\/wp-json\/wp\/v2\/pages\/1050\/revisions"}],"predecessor-version":[{"id":1526,"href":"https:\/\/www.luigicherubini.de\/fr\/wp-json\/wp\/v2\/pages\/1050\/revisions\/1526"}],"wp:attachment":[{"href":"https:\/\/www.luigicherubini.de\/fr\/wp-json\/wp\/v2\/media?parent=1050"}],"curies":[{"name":"wp","href":"https:\/\/api.w.org\/{rel}","templated":true}]}}