{"id":1074,"date":"2021-04-30T10:49:41","date_gmt":"2021-04-30T08:49:41","guid":{"rendered":"https:\/\/www.luigicherubini.de\/wordpress\/nouveautes\/"},"modified":"2022-02-16T23:30:09","modified_gmt":"2022-02-16T22:30:09","slug":"nouveautes","status":"publish","type":"page","link":"https:\/\/www.luigicherubini.de\/fr\/nouveautes\/","title":{"rendered":"Nouveaut\u00e9s"},"content":{"rendered":"\t\t<div data-elementor-type=\"wp-page\" data-elementor-id=\"1074\" class=\"elementor elementor-1074 elementor-994\">\n\t\t\t\t\t\t<div class=\"elementor-inner\">\n\t\t\t\t<div class=\"elementor-section-wrap\">\n\t\t\t\t\t\t\t\t\t<section class=\"elementor-section elementor-top-section elementor-element elementor-element-553d95b7 elementor-section-height-min-height elementor-section-boxed elementor-section-height-default elementor-section-items-middle\" data-id=\"553d95b7\" data-element_type=\"section\" data-settings=\"{&quot;background_background&quot;:&quot;classic&quot;,&quot;shape_divider_bottom&quot;:&quot;tilt&quot;}\">\n\t\t\t\t\t\t\t<div class=\"elementor-background-overlay\"><\/div>\n\t\t\t\t\t\t<div class=\"elementor-shape elementor-shape-bottom\" data-negative=\"false\">\n\t\t\t<svg xmlns=\"http:\/\/www.w3.org\/2000\/svg\" viewBox=\"0 0 1000 100\" preserveAspectRatio=\"none\">\n\t<path class=\"elementor-shape-fill\" d=\"M0,6V0h1000v100L0,6z\"\/>\n<\/svg>\t\t<\/div>\n\t\t\t\t\t<div class=\"elementor-container elementor-column-gap-default\">\n\t\t\t\t\t\t\t<div class=\"elementor-row\">\n\t\t\t\t\t<div class=\"elementor-column elementor-col-50 elementor-top-column elementor-element elementor-element-30d10da0\" data-id=\"30d10da0\" data-element_type=\"column\">\n\t\t\t<div class=\"elementor-column-wrap elementor-element-populated\">\n\t\t\t\t\t\t\t<div class=\"elementor-widget-wrap\">\n\t\t\t\t\t\t<div class=\"elementor-element elementor-element-3544a78e elementor-widget-divider--view-line elementor-widget elementor-widget-divider\" data-id=\"3544a78e\" data-element_type=\"widget\" data-widget_type=\"divider.default\">\n\t\t\t\t<div class=\"elementor-widget-container\">\n\t\t\t\t\t<div class=\"elementor-divider\">\n\t\t\t<span class=\"elementor-divider-separator\">\n\t\t\t\t\t\t<\/span>\n\t\t<\/div>\n\t\t\t\t<\/div>\n\t\t\t\t<\/div>\n\t\t\t\t\t\t<\/div>\n\t\t\t\t\t<\/div>\n\t\t<\/div>\n\t\t\t\t<div class=\"elementor-column elementor-col-50 elementor-top-column elementor-element elementor-element-1b978ab2\" data-id=\"1b978ab2\" data-element_type=\"column\">\n\t\t\t<div class=\"elementor-column-wrap elementor-element-populated\">\n\t\t\t\t\t\t\t<div class=\"elementor-widget-wrap\">\n\t\t\t\t\t\t<div class=\"elementor-element elementor-element-53188266 elementor-widget elementor-widget-image\" data-id=\"53188266\" data-element_type=\"widget\" data-widget_type=\"image.default\">\n\t\t\t\t<div class=\"elementor-widget-container\">\n\t\t\t\t\t\t\t\t<div class=\"elementor-image\">\n\t\t\t\t\t\t\t\t\t\t\t\t<img loading=\"lazy\" decoding=\"async\" width=\"300\" height=\"290\" src=\"https:\/\/www.luigicherubini.de\/wp-content\/uploads\/2021\/03\/Cherubini_image_01_web-300x290.jpg\" class=\"attachment-medium size-medium wp-image-68\" alt=\"\" srcset=\"https:\/\/www.luigicherubini.de\/wp-content\/uploads\/2021\/03\/Cherubini_image_01_web-300x290.jpg 300w, https:\/\/www.luigicherubini.de\/wp-content\/uploads\/2021\/03\/Cherubini_image_01_web.jpg 400w\" sizes=\"auto, (max-width: 300px) 100vw, 300px\" \/>\t\t\t\t\t\t\t\t\t\t\t\t\t\t<\/div>\n\t\t\t\t\t\t<\/div>\n\t\t\t\t<\/div>\n\t\t\t\t\t\t<\/div>\n\t\t\t\t\t<\/div>\n\t\t<\/div>\n\t\t\t\t\t\t\t\t<\/div>\n\t\t\t\t\t<\/div>\n\t\t<\/section>\n\t\t\t\t<section class=\"elementor-section elementor-top-section elementor-element elementor-element-3954d8f elementor-section-boxed elementor-section-height-default elementor-section-height-default\" data-id=\"3954d8f\" data-element_type=\"section\">\n\t\t\t\t\t\t<div class=\"elementor-container elementor-column-gap-default\">\n\t\t\t\t\t\t\t<div class=\"elementor-row\">\n\t\t\t\t\t<div class=\"elementor-column elementor-col-100 elementor-top-column elementor-element elementor-element-a2ee53e\" data-id=\"a2ee53e\" data-element_type=\"column\">\n\t\t\t<div class=\"elementor-column-wrap elementor-element-populated\">\n\t\t\t\t\t\t\t<div class=\"elementor-widget-wrap\">\n\t\t\t\t\t\t<div class=\"elementor-element elementor-element-0693ccb elementor-widget elementor-widget-text-editor\" data-id=\"0693ccb\" data-element_type=\"widget\" data-widget_type=\"text-editor.default\">\n\t\t\t\t<div class=\"elementor-widget-container\">\n\t\t\t\t\t\t\t\t<div class=\"elementor-text-editor elementor-clearfix\">\n\t\t\t\t<h1>Vous trouverez ici les nouvelles publications sur la vie et l\u2019\u0153uvre de Cherubini de 2012 \u00e0 2018. La liste continue.<\/h1>\n\t\t\t\t\t<\/div>\n\t\t\t\t\t\t<\/div>\n\t\t\t\t<\/div>\n\t\t\t\t\t\t<\/div>\n\t\t\t\t\t<\/div>\n\t\t<\/div>\n\t\t\t\t\t\t\t\t<\/div>\n\t\t\t\t\t<\/div>\n\t\t<\/section>\n\t\t\t\t<section class=\"elementor-section elementor-top-section elementor-element elementor-element-7a2bf73 elementor-section-boxed elementor-section-height-default elementor-section-height-default\" data-id=\"7a2bf73\" data-element_type=\"section\">\n\t\t\t\t\t\t<div class=\"elementor-container elementor-column-gap-default\">\n\t\t\t\t\t\t\t<div class=\"elementor-row\">\n\t\t\t\t\t<div class=\"elementor-column elementor-col-100 elementor-top-column elementor-element elementor-element-5389854\" data-id=\"5389854\" data-element_type=\"column\">\n\t\t\t<div class=\"elementor-column-wrap elementor-element-populated\">\n\t\t\t\t\t\t\t<div class=\"elementor-widget-wrap\">\n\t\t\t\t\t\t<div class=\"elementor-element elementor-element-434ff46 elementor-widget elementor-widget-text-editor\" data-id=\"434ff46\" data-element_type=\"widget\" data-widget_type=\"text-editor.default\">\n\t\t\t\t<div class=\"elementor-widget-container\">\n\t\t\t\t\t\t\t\t<div class=\"elementor-text-editor elementor-clearfix\">\n\t\t\t\t<p>Becheri, Roberto: <em>L\u2019Armida abbandonata del giovane Cherubini. Uno studio introduttivo e un\u2019inedita raccolta delle Arie per canto e pianoforte<\/em>, Florenz 2018.<\/p>\n<p>Becheri, Roberto: <em>Il giovane Cherubini. Note sull\u2019apprendistato di un compositore europeo<\/em>, Florenz 2015. Carli Ballola, Giovanni: <em>Luigi Cherubini. L\u2019uomo, la musica<\/em>, Mailand 2015.<\/p>\n<p>Betzwieser, Thomas: \u201eMedea durchkomponiert. Eine fr\u00fche deutsche Rezitativfassung von Cherubinis Oper\u201c, in: <em>Musiktheater im Fokus<\/em>, herausgegeben von Sieghard D\u00f6hring und Stefanie Rauch, Sinzig 2014, S. 13\u201329.<\/p>\n<p>Bock, Elisabeth und Pauser, Michael: <em>Denn Musik ist der gr\u00f6\u00dfte Segen&#8230; Festschrift Helen Geyer zum 65. Geburtstag<\/em>, Sinzig 2018. Darin u. a. enthalten:<\/p>\n<ul>\n<li>Brover-Lubowsky, Bella: \u201e\u201aCum Sancto spiritu\u2018. Giuseppe Sarti as Cherubini\u2019s Counterpoint Teacher\u201c, S. 93\u2013103.<\/li>\n<li>Pauser, Michael: \u201eCherubini ist der bessere Bach!? Philipp Spittas <em>Gutachten <\/em>\u00fcber den Cheru- bini-Nachlass\u201c, S. 121\u2013135.<\/li>\n<li>Siegert, Christine: \u201eEin neuer Cherubini-Brief und Neues zu einer alten Arie. Zwei Miszellen\u201c, S. 115\u2013120.<\/li>\n<li>Viviani, Giada: \u201eProblematiche della ricezione della <em>Faniska <\/em>nella letteratura scientifica\u201c, S. 105\u2013114.<\/li>\n<\/ul>\n<p>\u00a0<\/p>\n<p>Caputo, Simone: \u201eMusiche da Requiem e Rivoluzione francese\u201c, in: <em>Musica \/ Realt\u00e0 <\/em>98 (2012), S. 19\u201332. Geyer, Helen: \u201eCherubini il noto e l\u2019ignoto. Venezia punto di partenza per una carriera\u201c<em>, <\/em>in: Sabine Meine (Hrsg.), <em>Polifonie veneziane <\/em>(= Venetiana 13), Rom 2013, S. 41\u201357.<\/p>\n<p>Cassaro, J. P., Art. \u201eCherubini\u201c, in: Hans Dieter Betz u. a. (Hrsg.), <em>Religion in Geschichte und Gegenwart<\/em>, Leiden 2015, ausschl. online: &lt;<a href=\"http:\/\/dx.doi.org\/10.1163\/2405-8262_rgg4_SIM_02881\">http:\/\/dx.doi.org\/10.1163\/2405-8262_rgg4_SIM_02881<\/a>&gt; (13.09.2017).<\/p>\n<p>Chegai, Andrea: \u201eIn memoria del Metastasio? Un soggetto toscano al crepuscolo del dramma per musica (Cherubini, Mesenzio re d\u2019Etruria, Firenze 1782)\u201c, in: <em>Studi musicali <\/em>7 (2016), S. 67\u2013107.<\/p>\n<p>Geyer, Helen und Pauser, Michael (Hrsg.): <em>Luigi Cherubini \u2013 Eine Herausforderung. Autographe Best\u00e4nde <\/em>Krakau 2014 | Katalog wystawy <em>Luigi Cherubini jako wyzwanie. Zbiory autograf\u00f3w <\/em>Krak\u00f3w 2014, Katalog zur Ausstellung, Krakau 2014. Darin u. a. enthalten:<\/p>\n<ul>\n<li>Geyer, Helen: \u201eLuigi Cherubini. Herausforderung und europ\u00e4ischer Kosmopolit\u201c, S. 18\u201322.<\/li>\n<li>K\u00fchne, Elisabeth: \u201eSublimit\u00e4t \u2013 Erhabenheit \u2013 Zeiten der Schreckensherrschaft. Zu Cherubinis <em>Eliza ou le Voyage aux Glaciers du Mont St. Bernard <\/em>\u201c, S. 32\u201334.<\/li>\n<li>L\u00fctkenh\u00f6ner, Hannah: \u201eDie Einlegearien Luigi Cherubinis in der Jagiellonischen Bibliothek\u201c, S. 35\u201339.<\/li>\n<li>M\u00e4rkl, Christian: \u201eDie fr\u00fchen Messkompositionen Luigi Cherubinis\u201c, S. 23\u201325.<\/li>\n<li>Mattern, Lorina: \u201eDie Duette Luigi Cherubinis\u201c, S. 44\u201346.<\/li>\n<li>Pauser, Michael: \u201eFr\u00fche kleinformatige Kirchenmusikwerke\u201c, S. 26\u201328.<\/li>\n<li>Tietze, Nastasia: \u201eDie weltlichen Kantaten Luigi Cherubinis\u201c, S. 40\u201343.<\/li>\n<li>Wagner, Veronica: \u201eZur Instrumentalmusik von Luigi Cherubini\u201c, S. 29\u201331.<\/li>\n<\/ul>\n<p>\u00a0<\/p>\n<p>Geyer, Helen und Pauser, Michael (Hrsg.): <em>Luigi Cherubini. Vielzitiert, bewundert, unbekannt.<\/em><em> Kongressbericht Weimar 2010 <\/em>(= Cherubini Studies 1), Sinzig 2016. Darin enthalten:<\/p>\n<ul>\n<li>Bach, Svend: \u201eVon Metastasio zu Marmontel. Demophon am \u00dcbergang vom italienischen zum franz\u00f6sischen Opernschaffen Cherubinis\u201c, S. 145\u2013176.<\/li>\n<li>Brover-Lubovsky, Bella: \u201eCherubini, Sarti and the <em>musica antica <\/em>Tradition in Italy\u201c, S. 123\u2013143.<\/li>\n<li>Cullmann, Heiko: \u201eVon <em>M\u00e9d\u00e9e <\/em>zu <em>Medea<\/em>. Wandlungen einer Opern-Partitur\u201c, S. 275\u2013289.<\/li>\n<li>Ferrari, Gianluca: \u201e<em>Anacr\u00e9on <\/em>di Cherubini. L\u2019evoluzione del testo\u201c, S. 291\u2013317.<\/li>\n<li>Geyer, Helen und Pauser, Michael: \u201eCherubini \u2013 Vielzitiert, Bewundert, Unbekannt\u201c, S. 3\u20137.<\/li>\n<li>Goldbach, Karl Traugott: \u201e<em>Ifigenia<\/em>. Zwischen literarischer Tradition und Experiment\u201c, S. 255\u2013274.<\/li>\n<li>Jacobshagen, Arnold: \u201e\u201aUne acclamation tumultueuse plut\u00f4t qu\u2019un choeur proprement dit\u2018. Aspekte der Chorverwendung in Cherubinis franz\u00f6sischen Opern\u201c, S. 177\u2013194.<\/li>\n<li>Kremer, Joachim: \u201e\u201aR\u00e9union des beaut\u00e9s s\u00e9v\u00e8res [&#8230; ] avec l\u2019expression dramatique\u2018. Cherubinis Messen und der Eklektizismus\u201c, S. 49\u201362.<\/li>\n<li>M\u00e4rkl, Christian: \u201eZwischen \u00dcbung und Meisterschaft. Die Jugendmessen Luigi Cherubinis\u201c, S. 35\u201347.<\/li>\n<li>Massow, Albrecht von: \u201eM\u00f6glichkeiten und Grenzen einer musikalischen \u00c4sthetisierung von Naturkatastrophen\u201c, S. 27\u201334.<\/li>\n<li>Miller, Norbert: \u201eAugenblicke der Freiheit. Luigi Cherubinis Aufenthalt in Wien\u201c, S. 9\u201326.<\/li>\n<li>Morabito, Fabio: \u201eLuigi Cherubini auf der Suche nach dem eigenen Quartettstil. Das unvollendete <em>Quatuor second <\/em>und die sp\u00e4ten Streichquartette\u201c, S. 108\u2013121.<\/li>\n<li>Motnik, Marko: \u201e\u201anous sommes donc l\u2019un \u00e0 l\u2019autre\u2018. Luigi Cherubinis Kirchenkompositionen f\u00fcr Nikolaus II. Esterh\u00e1zy und die gescheiterten Verhandlungen um die Nachfolge Haydns\u201c, S. 63\u201385.<\/li>\n<li>Oppeneiger, Markus: \u201eAnmerkungen zur <em>Idalide<\/em>-Thematik bei Sarti und Cherubini. Ein Perspektivenwechsel\u201c, S. 247\u2013253.<\/li>\n<li>Over, Berthold: \u201eWas hat Cherubini von Mozart gelernt? Zur Frage der Rezeption \u00e4lterer Werke in Cherubinis Requiem-Vertonungen\u201c, S. 87\u2013107.<\/li>\n<li>Schr\u00f6ter, Axel: \u201eCherubinis franz\u00f6sische Opern in der zeitgen\u00f6ssischen Presse. Anmerkungen zur Rezeption\u201c, S. 325\u2013341.<\/li>\n<li>Siegert, Christine: \u201eZur Entstehung der Arie \u201aO toi, victime de l\u2019honneur\u2018\u201c, S. 195\u2013215.<\/li>\n<li>Tremmel, Erich: \u201eBeobachtungen an Luigi Cherubinis <em>Les abencerages ou l\u2019etendard de Grenade<\/em>\u201c, S. 319\u2013324.<\/li>\n<li>Viviani, Giada: \u201eTra esotismo e identificazione. Il ruolo della tematica polacca in <em>Lodo\u00efska <\/em>e <em>Faniska <\/em>di Cherubini\u201c, S. 217\u2013245.<\/li>\n<\/ul>\n<p>\u00a0<\/p>\n<p>Hibberd, Sarah: \u201eCherubini and the Revolutionary Sublime\u201c, in: <em>Cambridge Opera Journal <\/em>24 (2012), S. 293\u2013318.<\/p>\n<p>Jacobshagen, Arnold: \u201eLes malentendus du romantisme. Cherubini et Spontini entre la France, l\u2019Italie et l\u2019Allemagne\u201c, in: Olivier Bara und Alban Ramaut (Hrsg.), <em>G\u00e9n\u00e9alogies du romantisme musical fran\u00e7ais<\/em>, Paris 2012, S. 209\u2013224.<\/p>\n<p>Jones, Rhys: \u201eBeethoven and the Sound of Revolution in Vienna\u201c, in: <em>The Historical Journal <\/em>57\/4 (2014), S. 947\u2013971.<\/p>\n<p>Lau, Ho\u00adYee Connie: <em>In Memory of a King. Luigi Cherubini\u2019s c\u00adMinor Requiem in Context<\/em>, PhD Diss. Stanford University 2009, Ann Arbor, MI 2009.<\/p>\n<p><em>M\u00e9d\u00e9e <\/em>\u00e0 <em>l\u2019Op\u00e9ra <\/em>(= <em>Sk<\/em>\u00e9<em>n &amp; Graphie <\/em>4 [2016]), Besan\u00e7on 2017.<\/p>\n<p><em>M\u00e9d\u00e9e. Cherubini <\/em>(= L\u2019avant-sc\u00e8ne Op\u00e9ra 304), Paris 2018.<\/p>\n<p>Morabito, Fabio: \u201eI manoscritti autografi di Luigi Cherubini: cataloghi, storia ed acquisizione del lascito presso la K\u00f6nigliche Bibliothek di Berlino\u201c, in: <em>Acta musicologica <\/em>84 (2012), S. 167\u2013198.<\/p>\n<p>Ned, G\u00fcnter: <em>Medea. Poetin der Grausamkeit. \u00dcber Luigi Cherubinis Oper M\u00e9d\u00e9e<\/em>, Berlin 2017.<\/p>\n<p>Schraffl, Ingrid: \u201eJahrmarktspiele. Geschicklichkeit und Schaukunst in \u201aLo sposo di tre e marito di nessuna\u2018, in: <em>Opera buffa und Spielkultur. <\/em><em>Eine spieltheoretische Untersuchung am Beispiel des venezianischen Repertoires des sp\u00e4ten 18. Jahrhunderts <\/em>(= Wiener musikwissenschaftliche Beitr\u00e4ge 25), Wien u. a. 2014, S. 315\u2013323.<\/p>\n<p>Seto, Mark: \u201eLuigi Cherubini and Augusta Holm\u00e8s\u201c, in: Donna Marie Di Grazia (Hrsg.), <em>Nineteenth\u00adCentury Choral Music<\/em>, New York u. a. 2013, S. 213\u2013230.<\/p>\n<p>Streicher, Johannes: Art. \u201eCherubini, Luigi\u201c, in: <em>Das Wagner\u00adLexikon<\/em>, Laaber 2012, S. 135f.<\/p>\n<p>Viagrande, Riccardo: <em>Casta Diva. Il teatro musicale in Europa dall\u2019et\u00e0 rossiniana alla seconda met\u00e0 dell\u2019Ottocento<\/em>, Monza 2018. (enth\u00e4lt ein Cherubini-Kapitel)<\/p>\n<p>Vignal, Marc: <em>Luigi Cherubini<\/em>, Paris 2017.<\/p>\n\t\t\t\t\t<\/div>\n\t\t\t\t\t\t<\/div>\n\t\t\t\t<\/div>\n\t\t\t\t\t\t<\/div>\n\t\t\t\t\t<\/div>\n\t\t<\/div>\n\t\t\t\t\t\t\t\t<\/div>\n\t\t\t\t\t<\/div>\n\t\t<\/section>\n\t\t\t\t\t\t\t\t\t<\/div>\n\t\t\t<\/div>\n\t\t\t\t\t<\/div>\n\t\t","protected":false},"excerpt":{"rendered":"<p>Vous trouverez ici les nouvelles publications sur la vie et l\u2019\u0153uvre de Cherubini de 2012 \u00e0 2018. La liste continue. Becheri, Roberto: L\u2019Armida abbandonata del giovane Cherubini. Uno studio introduttivo [&hellip;]<\/p>\n","protected":false},"author":1,"featured_media":0,"parent":0,"menu_order":0,"comment_status":"closed","ping_status":"closed","template":"elementor_header_footer","meta":{"footnotes":""},"class_list":["post-1074","page","type-page","status-publish","hentry"],"_links":{"self":[{"href":"https:\/\/www.luigicherubini.de\/fr\/wp-json\/wp\/v2\/pages\/1074","targetHints":{"allow":["GET"]}}],"collection":[{"href":"https:\/\/www.luigicherubini.de\/fr\/wp-json\/wp\/v2\/pages"}],"about":[{"href":"https:\/\/www.luigicherubini.de\/fr\/wp-json\/wp\/v2\/types\/page"}],"author":[{"embeddable":true,"href":"https:\/\/www.luigicherubini.de\/fr\/wp-json\/wp\/v2\/users\/1"}],"replies":[{"embeddable":true,"href":"https:\/\/www.luigicherubini.de\/fr\/wp-json\/wp\/v2\/comments?post=1074"}],"version-history":[{"count":2,"href":"https:\/\/www.luigicherubini.de\/fr\/wp-json\/wp\/v2\/pages\/1074\/revisions"}],"predecessor-version":[{"id":1982,"href":"https:\/\/www.luigicherubini.de\/fr\/wp-json\/wp\/v2\/pages\/1074\/revisions\/1982"}],"wp:attachment":[{"href":"https:\/\/www.luigicherubini.de\/fr\/wp-json\/wp\/v2\/media?parent=1074"}],"curies":[{"name":"wp","href":"https:\/\/api.w.org\/{rel}","templated":true}]}}