{"id":1329,"date":"2021-11-22T15:04:59","date_gmt":"2021-11-22T14:04:59","guid":{"rendered":"https:\/\/www.luigicherubini.de\/wordpress\/obiettivi\/"},"modified":"2022-02-16T14:50:36","modified_gmt":"2022-02-16T13:50:36","slug":"obiettivi","status":"publish","type":"page","link":"https:\/\/www.luigicherubini.de\/it\/obiettivi\/","title":{"rendered":"Obiettivi"},"content":{"rendered":"\t\t<div data-elementor-type=\"wp-page\" data-elementor-id=\"1329\" class=\"elementor elementor-1329 elementor-942\">\n\t\t\t\t\t\t<div class=\"elementor-inner\">\n\t\t\t\t<div class=\"elementor-section-wrap\">\n\t\t\t\t\t\t\t\t\t<section class=\"elementor-section elementor-top-section elementor-element elementor-element-758532cd elementor-section-height-min-height elementor-section-boxed elementor-section-height-default elementor-section-items-middle\" data-id=\"758532cd\" data-element_type=\"section\" data-settings=\"{&quot;background_background&quot;:&quot;classic&quot;,&quot;shape_divider_bottom&quot;:&quot;tilt&quot;}\">\n\t\t\t\t\t\t\t<div class=\"elementor-background-overlay\"><\/div>\n\t\t\t\t\t\t<div class=\"elementor-shape elementor-shape-bottom\" data-negative=\"false\">\n\t\t\t<svg xmlns=\"http:\/\/www.w3.org\/2000\/svg\" viewBox=\"0 0 1000 100\" preserveAspectRatio=\"none\">\n\t<path class=\"elementor-shape-fill\" d=\"M0,6V0h1000v100L0,6z\"\/>\n<\/svg>\t\t<\/div>\n\t\t\t\t\t<div class=\"elementor-container elementor-column-gap-default\">\n\t\t\t\t\t\t\t<div class=\"elementor-row\">\n\t\t\t\t\t<div class=\"elementor-column elementor-col-50 elementor-top-column elementor-element elementor-element-284e7ed3\" data-id=\"284e7ed3\" data-element_type=\"column\">\n\t\t\t<div class=\"elementor-column-wrap elementor-element-populated\">\n\t\t\t\t\t\t\t<div class=\"elementor-widget-wrap\">\n\t\t\t\t\t\t<div class=\"elementor-element elementor-element-425dbb94 elementor-widget-divider--view-line elementor-widget elementor-widget-divider\" data-id=\"425dbb94\" data-element_type=\"widget\" data-widget_type=\"divider.default\">\n\t\t\t\t<div class=\"elementor-widget-container\">\n\t\t\t\t\t<div class=\"elementor-divider\">\n\t\t\t<span class=\"elementor-divider-separator\">\n\t\t\t\t\t\t<\/span>\n\t\t<\/div>\n\t\t\t\t<\/div>\n\t\t\t\t<\/div>\n\t\t\t\t\t\t<\/div>\n\t\t\t\t\t<\/div>\n\t\t<\/div>\n\t\t\t\t<div class=\"elementor-column elementor-col-50 elementor-top-column elementor-element elementor-element-74ea2648\" data-id=\"74ea2648\" data-element_type=\"column\">\n\t\t\t<div class=\"elementor-column-wrap elementor-element-populated\">\n\t\t\t\t\t\t\t<div class=\"elementor-widget-wrap\">\n\t\t\t\t\t\t<div class=\"elementor-element elementor-element-4e06f774 elementor-widget elementor-widget-image\" data-id=\"4e06f774\" data-element_type=\"widget\" data-widget_type=\"image.default\">\n\t\t\t\t<div class=\"elementor-widget-container\">\n\t\t\t\t\t\t\t\t<div class=\"elementor-image\">\n\t\t\t\t\t\t\t\t\t\t\t\t<img loading=\"lazy\" decoding=\"async\" width=\"300\" height=\"290\" src=\"https:\/\/www.luigicherubini.de\/wp-content\/uploads\/2021\/03\/Cherubini_image_01_web-300x290.jpg\" class=\"attachment-medium size-medium wp-image-69\" alt=\"\" srcset=\"https:\/\/www.luigicherubini.de\/wp-content\/uploads\/2021\/03\/Cherubini_image_01_web-300x290.jpg 300w, https:\/\/www.luigicherubini.de\/wp-content\/uploads\/2021\/03\/Cherubini_image_01_web.jpg 400w\" sizes=\"auto, (max-width: 300px) 100vw, 300px\" \/>\t\t\t\t\t\t\t\t\t\t\t\t\t\t<\/div>\n\t\t\t\t\t\t<\/div>\n\t\t\t\t<\/div>\n\t\t\t\t\t\t<\/div>\n\t\t\t\t\t<\/div>\n\t\t<\/div>\n\t\t\t\t\t\t\t\t<\/div>\n\t\t\t\t\t<\/div>\n\t\t<\/section>\n\t\t\t\t<section class=\"elementor-section elementor-top-section elementor-element elementor-element-d1dfbad elementor-section-boxed elementor-section-height-default elementor-section-height-default\" data-id=\"d1dfbad\" data-element_type=\"section\">\n\t\t\t\t\t\t<div class=\"elementor-container elementor-column-gap-default\">\n\t\t\t\t\t\t\t<div class=\"elementor-row\">\n\t\t\t\t\t<div class=\"elementor-column elementor-col-100 elementor-top-column elementor-element elementor-element-b8c1694\" data-id=\"b8c1694\" data-element_type=\"column\">\n\t\t\t<div class=\"elementor-column-wrap elementor-element-populated\">\n\t\t\t\t\t\t\t<div class=\"elementor-widget-wrap\">\n\t\t\t\t\t\t<div class=\"elementor-element elementor-element-24db610 elementor-widget elementor-widget-text-editor\" data-id=\"24db610\" data-element_type=\"widget\" data-widget_type=\"text-editor.default\">\n\t\t\t\t<div class=\"elementor-widget-container\">\n\t\t\t\t\t\t\t\t<div class=\"elementor-text-editor elementor-clearfix\">\n\t\t\t\t<p>La <strong>Societ\u00e0 Internazionale di Luigi Cherubini<\/strong> si occupa della scoperta e dell\u2019eredit\u00e0 musicale di Luigi Cherubini (1760\u20131842), cura scientificamente la sua opera e stimola esecuzioni delle sue opere. Come nessun altro compositore, Cherubini preparava la strada per la Grand Op\u00e9ra; la sua musica sacra \u00e8 stata considerata come pietra miliare e esemplare nel suo tempo. I contemporanei e le generazioni successive lo consideravano personalit\u00e0 stimolante, come compositore straordinario e spesso ineguagliabile, anche se provocatorio.<\/p>\n<p>Scopi precipui della Societ\u00e0 Internazionale di Luigi Cherubini sono la diffusione dell\u2019\u0153uvre di Cherubini, come pure la ricerca musicologica e storica e la discussione critica e inoltre l\u2019esecuzione delle composizioni o per la scena o per la chiesa e la camera. I risultati di tali attivit\u00e0 si sintetizzano nella <em>Luigi Cherubini Werkausgabe<\/em> (Anton J. Benjamin \/ Simrock). Di pi\u00f9 si fanno studiare nelle pubblicazioni delle <em>Cherubini Studies<\/em> e nel periodicum regolare <em>Cherubiniana<\/em> (tutti e due K\u00f6nigshausen &amp; Neumann). Tutti i periodi e tutti i genres di creativit\u00e0 e della vita di Cherubini sono considerati.<\/p>\n<p>Un compito importante della Societ\u00e0 Internazionale di Luigi Cherubini \u00e8 di favorire una presenza pi\u00f9 consistente delle opere teatrali e sacre come da camera per appoggiare un riconoscimento della qualit\u00e0 dell\u2019\u0153uvre Cherubiniano che riflette la sua importanza e potenzialit\u00e0 futuristica e compositiva, equivalente al suo ruolo come figura chia\u00adve nel dialogo europeo del tardo Settecento e primo Ottocento. Infine la Societ\u00e0 promuove convegni, conferenze, manifestazioni ed altre attivit\u00e0 internazionali, che mettono in luce l\u2019importanza di Cherubini per la complessit\u00e0 della storia della musica europea.<\/p>\n\t\t\t\t\t<\/div>\n\t\t\t\t\t\t<\/div>\n\t\t\t\t<\/div>\n\t\t\t\t\t\t<\/div>\n\t\t\t\t\t<\/div>\n\t\t<\/div>\n\t\t\t\t\t\t\t\t<\/div>\n\t\t\t\t\t<\/div>\n\t\t<\/section>\n\t\t\t\t<section class=\"elementor-section elementor-top-section elementor-element elementor-element-cc0c34a elementor-section-boxed elementor-section-height-default elementor-section-height-default\" data-id=\"cc0c34a\" data-element_type=\"section\">\n\t\t\t\t\t\t<div class=\"elementor-container elementor-column-gap-default\">\n\t\t\t\t\t\t\t<div class=\"elementor-row\">\n\t\t\t\t\t<div class=\"elementor-column elementor-col-100 elementor-top-column elementor-element elementor-element-ed82e37\" data-id=\"ed82e37\" data-element_type=\"column\">\n\t\t\t<div class=\"elementor-column-wrap elementor-element-populated\">\n\t\t\t\t\t\t\t<div class=\"elementor-widget-wrap\">\n\t\t\t\t\t\t<div class=\"elementor-element elementor-element-790d585 elementor-widget elementor-widget-text-editor\" data-id=\"790d585\" data-element_type=\"widget\" data-widget_type=\"text-editor.default\">\n\t\t\t\t<div class=\"elementor-widget-container\">\n\t\t\t\t\t\t\t\t<div class=\"elementor-text-editor elementor-clearfix\">\n\t\t\t\t<p><a href=\"https:\/\/www.luigicherubini.de\/wordpress\/wp-content\/uploads\/2022\/02\/Beitrittserklaerung.pdf\" target=\"_blank\" rel=\"noopener\"><strong><span id=\"page3R_mcid4\" class=\"markedContent\"><span dir=\"ltr\" role=\"presentation\">Si<\/span><span dir=\"ltr\" role=\"presentation\">, voglio\/vogliamo appoggiare il lavoro della Societ\u00e0 Internazionale di Luigi Cherubini e chiedo\/chiediamo di diventare un membro.<\/span><\/span><\/strong><\/a><\/p>\n\t\t\t\t\t<\/div>\n\t\t\t\t\t\t<\/div>\n\t\t\t\t<\/div>\n\t\t\t\t\t\t<\/div>\n\t\t\t\t\t<\/div>\n\t\t<\/div>\n\t\t\t\t\t\t\t\t<\/div>\n\t\t\t\t\t<\/div>\n\t\t<\/section>\n\t\t\t\t\t\t\t\t\t<\/div>\n\t\t\t<\/div>\n\t\t\t\t\t<\/div>\n\t\t","protected":false},"excerpt":{"rendered":"<p>La Societ\u00e0 Internazionale di Luigi Cherubini si occupa della scoperta e dell\u2019eredit\u00e0 musicale di Luigi Cherubini (1760\u20131842), cura scientificamente la sua opera e stimola esecuzioni delle sue opere. Come nessun [&hellip;]<\/p>\n","protected":false},"author":1,"featured_media":0,"parent":0,"menu_order":0,"comment_status":"closed","ping_status":"closed","template":"elementor_header_footer","meta":{"footnotes":""},"class_list":["post-1329","page","type-page","status-publish","hentry"],"_links":{"self":[{"href":"https:\/\/www.luigicherubini.de\/it\/wp-json\/wp\/v2\/pages\/1329","targetHints":{"allow":["GET"]}}],"collection":[{"href":"https:\/\/www.luigicherubini.de\/it\/wp-json\/wp\/v2\/pages"}],"about":[{"href":"https:\/\/www.luigicherubini.de\/it\/wp-json\/wp\/v2\/types\/page"}],"author":[{"embeddable":true,"href":"https:\/\/www.luigicherubini.de\/it\/wp-json\/wp\/v2\/users\/1"}],"replies":[{"embeddable":true,"href":"https:\/\/www.luigicherubini.de\/it\/wp-json\/wp\/v2\/comments?post=1329"}],"version-history":[{"count":4,"href":"https:\/\/www.luigicherubini.de\/it\/wp-json\/wp\/v2\/pages\/1329\/revisions"}],"predecessor-version":[{"id":1682,"href":"https:\/\/www.luigicherubini.de\/it\/wp-json\/wp\/v2\/pages\/1329\/revisions\/1682"}],"wp:attachment":[{"href":"https:\/\/www.luigicherubini.de\/it\/wp-json\/wp\/v2\/media?parent=1329"}],"curies":[{"name":"wp","href":"https:\/\/api.w.org\/{rel}","templated":true}]}}