{"id":1646,"date":"2022-02-16T13:53:31","date_gmt":"2022-02-16T12:53:31","guid":{"rendered":"https:\/\/www.luigicherubini.de\/wordpress\/generale\/"},"modified":"2022-02-16T13:53:31","modified_gmt":"2022-02-16T12:53:31","slug":"generale","status":"publish","type":"page","link":"https:\/\/www.luigicherubini.de\/it\/generale\/","title":{"rendered":"Generale"},"content":{"rendered":"\t\t<div data-elementor-type=\"wp-page\" data-elementor-id=\"1646\" class=\"elementor elementor-1646 elementor-964\">\n\t\t\t\t\t\t<div class=\"elementor-inner\">\n\t\t\t\t<div class=\"elementor-section-wrap\">\n\t\t\t\t\t\t\t\t\t<section class=\"elementor-section elementor-top-section elementor-element elementor-element-5c4cff1f elementor-section-height-min-height elementor-section-boxed elementor-section-height-default elementor-section-items-middle\" data-id=\"5c4cff1f\" data-element_type=\"section\" data-settings=\"{&quot;background_background&quot;:&quot;classic&quot;,&quot;shape_divider_bottom&quot;:&quot;tilt&quot;}\">\n\t\t\t\t\t\t\t<div class=\"elementor-background-overlay\"><\/div>\n\t\t\t\t\t\t<div class=\"elementor-shape elementor-shape-bottom\" data-negative=\"false\">\n\t\t\t<svg xmlns=\"http:\/\/www.w3.org\/2000\/svg\" viewBox=\"0 0 1000 100\" preserveAspectRatio=\"none\">\n\t<path class=\"elementor-shape-fill\" d=\"M0,6V0h1000v100L0,6z\"\/>\n<\/svg>\t\t<\/div>\n\t\t\t\t\t<div class=\"elementor-container elementor-column-gap-default\">\n\t\t\t\t\t\t\t<div class=\"elementor-row\">\n\t\t\t\t\t<div class=\"elementor-column elementor-col-50 elementor-top-column elementor-element elementor-element-2e5c7e96\" data-id=\"2e5c7e96\" data-element_type=\"column\">\n\t\t\t<div class=\"elementor-column-wrap elementor-element-populated\">\n\t\t\t\t\t\t\t<div class=\"elementor-widget-wrap\">\n\t\t\t\t\t\t<div class=\"elementor-element elementor-element-518f3100 elementor-widget-divider--view-line elementor-widget elementor-widget-divider\" data-id=\"518f3100\" data-element_type=\"widget\" data-widget_type=\"divider.default\">\n\t\t\t\t<div class=\"elementor-widget-container\">\n\t\t\t\t\t<div class=\"elementor-divider\">\n\t\t\t<span class=\"elementor-divider-separator\">\n\t\t\t\t\t\t<\/span>\n\t\t<\/div>\n\t\t\t\t<\/div>\n\t\t\t\t<\/div>\n\t\t\t\t\t\t<\/div>\n\t\t\t\t\t<\/div>\n\t\t<\/div>\n\t\t\t\t<div class=\"elementor-column elementor-col-50 elementor-top-column elementor-element elementor-element-71381f43\" data-id=\"71381f43\" data-element_type=\"column\">\n\t\t\t<div class=\"elementor-column-wrap elementor-element-populated\">\n\t\t\t\t\t\t\t<div class=\"elementor-widget-wrap\">\n\t\t\t\t\t\t<div class=\"elementor-element elementor-element-570dbf5b elementor-widget elementor-widget-image\" data-id=\"570dbf5b\" data-element_type=\"widget\" data-widget_type=\"image.default\">\n\t\t\t\t<div class=\"elementor-widget-container\">\n\t\t\t\t\t\t\t\t<div class=\"elementor-image\">\n\t\t\t\t\t\t\t\t\t\t\t\t<img loading=\"lazy\" decoding=\"async\" width=\"223\" height=\"300\" src=\"https:\/\/www.luigicherubini.de\/wp-content\/uploads\/2022\/02\/CherubiniSposoCover-223x300.jpg\" class=\"attachment-medium size-medium wp-image-1605\" alt=\"\" srcset=\"https:\/\/www.luigicherubini.de\/wp-content\/uploads\/2022\/02\/CherubiniSposoCover-223x300.jpg 223w, https:\/\/www.luigicherubini.de\/wp-content\/uploads\/2022\/02\/CherubiniSposoCover.jpg 701w\" sizes=\"auto, (max-width: 223px) 100vw, 223px\" \/>\t\t\t\t\t\t\t\t\t\t\t\t\t\t<\/div>\n\t\t\t\t\t\t<\/div>\n\t\t\t\t<\/div>\n\t\t\t\t\t\t<\/div>\n\t\t\t\t\t<\/div>\n\t\t<\/div>\n\t\t\t\t\t\t\t\t<\/div>\n\t\t\t\t\t<\/div>\n\t\t<\/section>\n\t\t\t\t<section class=\"elementor-section elementor-top-section elementor-element elementor-element-34b6dc3 elementor-section-boxed elementor-section-height-default elementor-section-height-default\" data-id=\"34b6dc3\" data-element_type=\"section\">\n\t\t\t\t\t\t<div class=\"elementor-container elementor-column-gap-default\">\n\t\t\t\t\t\t\t<div class=\"elementor-row\">\n\t\t\t\t\t<div class=\"elementor-column elementor-col-100 elementor-top-column elementor-element elementor-element-3111e81\" data-id=\"3111e81\" data-element_type=\"column\">\n\t\t\t<div class=\"elementor-column-wrap elementor-element-populated\">\n\t\t\t\t\t\t\t<div class=\"elementor-widget-wrap\">\n\t\t\t\t\t\t<div class=\"elementor-element elementor-element-2271fb9 elementor-widget elementor-widget-text-editor\" data-id=\"2271fb9\" data-element_type=\"widget\" data-widget_type=\"text-editor.default\">\n\t\t\t\t<div class=\"elementor-widget-container\">\n\t\t\t\t\t\t\t\t<div class=\"elementor-text-editor elementor-clearfix\">\n\t\t\t\t<p><em>L\u2019introduzione italiana segue\u2026<\/em><br \/>\nDie <strong><em>Luigi Cherubini Werkausgabe<\/em><\/strong> versteht sich als wissenschaftlich-kritische Edition der Werke Luigi Cherubinis (1760\u20131842). Sie umfasst das gesamte \u0152uvre des Komponisten, sowohl aus der fr\u00fchen italienischen, als auch der sp\u00e4teren franz\u00f6sischen Zeit, d. h. seine Opern, Einakter, Ballette, das kammermusikalische Werk, kirchenmusikalische Kompositionen (Messen, Requien, Einzels\u00e4tze und Motetten), das weitere vokale Werk (Arien, Romanzen, Duette, Hymnen, Kanons), sonstige Instrumentalkompositionen und die P\u00e4dagogischen Schriften.<\/p>\n<p><strong>Editionsleitung<\/strong><br \/>\nProf. em. Dr. Helen Geyer, Institut f\u00fcr Musikwissenschaft Weimar-Jena<\/p>\n<p><strong>Wissenschaftlicher Beirat<br \/>\n<\/strong>Elisabeth Bock M.A., Erfurt<\/p>\n<p>Prof. Dr. Dr. h. c. mult. Michal Bristiger, Polnische Akademie der Wissenschaften, Warschau (\u2020)<\/p>\n<p>Prof. Dr. Damien Colas-Gallet, Centre National de la Recherche Scientifique, Paris<\/p>\n<p>Prof. em. Dr. Anselm Gerhard, Universit\u00e4t Bern<\/p>\n<p>Prof. em. Dr. Helen Geyer, Institut f\u00fcr Musikwissenschaft Weimar-Jena<\/p>\n<p>Dr. Helga L\u00fchning, Beethoven Haus Bonn<\/p>\n<p>Prof. Dr. Christine Siegert, Beethoven Haus Bonn<\/p>\n<p>PD Dr. Erich Tremmel, Universit\u00e4t Augsburg<\/p>\n\t\t\t\t\t<\/div>\n\t\t\t\t\t\t<\/div>\n\t\t\t\t<\/div>\n\t\t\t\t\t\t<\/div>\n\t\t\t\t\t<\/div>\n\t\t<\/div>\n\t\t\t\t\t\t\t\t<\/div>\n\t\t\t\t\t<\/div>\n\t\t<\/section>\n\t\t\t\t<section class=\"elementor-section elementor-top-section elementor-element elementor-element-bb65746 elementor-section-boxed elementor-section-height-default elementor-section-height-default\" data-id=\"bb65746\" data-element_type=\"section\">\n\t\t\t\t\t\t<div class=\"elementor-container elementor-column-gap-default\">\n\t\t\t\t\t\t\t<div class=\"elementor-row\">\n\t\t\t\t\t<div class=\"elementor-column elementor-col-100 elementor-top-column elementor-element elementor-element-fc2d210\" data-id=\"fc2d210\" data-element_type=\"column\">\n\t\t\t<div class=\"elementor-column-wrap elementor-element-populated\">\n\t\t\t\t\t\t\t<div class=\"elementor-widget-wrap\">\n\t\t\t\t\t\t<div class=\"elementor-element elementor-element-890811b elementor-widget-divider--view-line elementor-widget elementor-widget-divider\" data-id=\"890811b\" data-element_type=\"widget\" data-widget_type=\"divider.default\">\n\t\t\t\t<div class=\"elementor-widget-container\">\n\t\t\t\t\t<div class=\"elementor-divider\">\n\t\t\t<span class=\"elementor-divider-separator\">\n\t\t\t\t\t\t<\/span>\n\t\t<\/div>\n\t\t\t\t<\/div>\n\t\t\t\t<\/div>\n\t\t\t\t\t\t<\/div>\n\t\t\t\t\t<\/div>\n\t\t<\/div>\n\t\t\t\t\t\t\t\t<\/div>\n\t\t\t\t\t<\/div>\n\t\t<\/section>\n\t\t\t\t<section class=\"elementor-section elementor-top-section elementor-element elementor-element-7fac6b1 elementor-section-boxed elementor-section-height-default elementor-section-height-default\" data-id=\"7fac6b1\" data-element_type=\"section\">\n\t\t\t\t\t\t<div class=\"elementor-container elementor-column-gap-default\">\n\t\t\t\t\t\t\t<div class=\"elementor-row\">\n\t\t\t\t\t<div class=\"elementor-column elementor-col-100 elementor-top-column elementor-element elementor-element-a1b03aa\" data-id=\"a1b03aa\" data-element_type=\"column\">\n\t\t\t<div class=\"elementor-column-wrap elementor-element-populated\">\n\t\t\t\t\t\t\t<div class=\"elementor-widget-wrap\">\n\t\t\t\t\t\t<div class=\"elementor-element elementor-element-5a50366 elementor-widget elementor-widget-text-editor\" data-id=\"5a50366\" data-element_type=\"widget\" data-widget_type=\"text-editor.default\">\n\t\t\t\t<div class=\"elementor-widget-container\">\n\t\t\t\t\t\t\t\t<div class=\"elementor-text-editor elementor-clearfix\">\n\t\t\t\t<p style=\"text-align: center;\">Verlag:<\/p>\n<p style=\"text-align: center;\"><strong>Anton J. Benjamin GmbH<\/strong><br \/>\n<strong>L\u00fctzowufer 26<\/strong><br \/>\n<strong>10787 Berlin<\/strong><br \/>\n<strong>Germany \u00b7 Allemagne \u00b7 Germania<\/strong><br \/>\n<a href=\"http:\/\/www.boosey.com\/Cherubini\" target=\"_blank\" rel=\"noopener\"><strong>www.boosey.com\/Cherubini<\/strong><\/a><\/p>\n\t\t\t\t\t<\/div>\n\t\t\t\t\t\t<\/div>\n\t\t\t\t<\/div>\n\t\t\t\t\t\t<\/div>\n\t\t\t\t\t<\/div>\n\t\t<\/div>\n\t\t\t\t\t\t\t\t<\/div>\n\t\t\t\t\t<\/div>\n\t\t<\/section>\n\t\t\t\t<section class=\"elementor-section elementor-top-section elementor-element elementor-element-8a367f1 elementor-section-boxed elementor-section-height-default elementor-section-height-default\" data-id=\"8a367f1\" data-element_type=\"section\">\n\t\t\t\t\t\t<div class=\"elementor-container elementor-column-gap-default\">\n\t\t\t\t\t\t\t<div class=\"elementor-row\">\n\t\t\t\t\t<div class=\"elementor-column elementor-col-33 elementor-top-column elementor-element elementor-element-029e570\" data-id=\"029e570\" data-element_type=\"column\">\n\t\t\t<div class=\"elementor-column-wrap elementor-element-populated\">\n\t\t\t\t\t\t\t<div class=\"elementor-widget-wrap\">\n\t\t\t\t\t\t<div class=\"elementor-element elementor-element-7b36009 elementor-widget elementor-widget-text-editor\" data-id=\"7b36009\" data-element_type=\"widget\" data-widget_type=\"text-editor.default\">\n\t\t\t\t<div class=\"elementor-widget-container\">\n\t\t\t\t\t\t\t\t<div class=\"elementor-text-editor elementor-clearfix\">\n\t\t\t\t<p style=\"text-align: right;\">Telefono: +49 (0) 30 2500 130<\/p>\n\t\t\t\t\t<\/div>\n\t\t\t\t\t\t<\/div>\n\t\t\t\t<\/div>\n\t\t\t\t\t\t<\/div>\n\t\t\t\t\t<\/div>\n\t\t<\/div>\n\t\t\t\t<div class=\"elementor-column elementor-col-33 elementor-top-column elementor-element elementor-element-ebca3d0\" data-id=\"ebca3d0\" data-element_type=\"column\">\n\t\t\t<div class=\"elementor-column-wrap elementor-element-populated\">\n\t\t\t\t\t\t\t<div class=\"elementor-widget-wrap\">\n\t\t\t\t\t\t<div class=\"elementor-element elementor-element-f34063b elementor-widget elementor-widget-text-editor\" data-id=\"f34063b\" data-element_type=\"widget\" data-widget_type=\"text-editor.default\">\n\t\t\t\t<div class=\"elementor-widget-container\">\n\t\t\t\t\t\t\t\t<div class=\"elementor-text-editor elementor-clearfix\">\n\t\t\t\t<p style=\"text-align: center;\">Fax: +49 (0) 30 2500 1399<\/p>\n\t\t\t\t\t<\/div>\n\t\t\t\t\t\t<\/div>\n\t\t\t\t<\/div>\n\t\t\t\t\t\t<\/div>\n\t\t\t\t\t<\/div>\n\t\t<\/div>\n\t\t\t\t<div class=\"elementor-column elementor-col-33 elementor-top-column elementor-element elementor-element-6cbdc22\" data-id=\"6cbdc22\" data-element_type=\"column\">\n\t\t\t<div class=\"elementor-column-wrap elementor-element-populated\">\n\t\t\t\t\t\t\t<div class=\"elementor-widget-wrap\">\n\t\t\t\t\t\t<div class=\"elementor-element elementor-element-e98b742 elementor-widget elementor-widget-text-editor\" data-id=\"e98b742\" data-element_type=\"widget\" data-widget_type=\"text-editor.default\">\n\t\t\t\t<div class=\"elementor-widget-container\">\n\t\t\t\t\t\t\t\t<div class=\"elementor-text-editor elementor-clearfix\">\n\t\t\t\t<p>email: <a href=\"mailto:composers.germany@boosey.com\" target=\"_blank\" rel=\"noopener\">composers.germany@boosey.com<\/a><\/p>\n\t\t\t\t\t<\/div>\n\t\t\t\t\t\t<\/div>\n\t\t\t\t<\/div>\n\t\t\t\t\t\t<\/div>\n\t\t\t\t\t<\/div>\n\t\t<\/div>\n\t\t\t\t\t\t\t\t<\/div>\n\t\t\t\t\t<\/div>\n\t\t<\/section>\n\t\t\t\t\t\t\t\t\t<\/div>\n\t\t\t<\/div>\n\t\t\t\t\t<\/div>\n\t\t","protected":false},"excerpt":{"rendered":"<p>L\u2019introduzione italiana segue\u2026 Die Luigi Cherubini Werkausgabe versteht sich als wissenschaftlich-kritische Edition der Werke Luigi Cherubinis (1760\u20131842). Sie umfasst das gesamte \u0152uvre des Komponisten, sowohl aus der fr\u00fchen italienischen, als [&hellip;]<\/p>\n","protected":false},"author":1,"featured_media":0,"parent":0,"menu_order":0,"comment_status":"closed","ping_status":"closed","template":"elementor_header_footer","meta":{"footnotes":""},"class_list":["post-1646","page","type-page","status-publish","hentry"],"_links":{"self":[{"href":"https:\/\/www.luigicherubini.de\/it\/wp-json\/wp\/v2\/pages\/1646","targetHints":{"allow":["GET"]}}],"collection":[{"href":"https:\/\/www.luigicherubini.de\/it\/wp-json\/wp\/v2\/pages"}],"about":[{"href":"https:\/\/www.luigicherubini.de\/it\/wp-json\/wp\/v2\/types\/page"}],"author":[{"embeddable":true,"href":"https:\/\/www.luigicherubini.de\/it\/wp-json\/wp\/v2\/users\/1"}],"replies":[{"embeddable":true,"href":"https:\/\/www.luigicherubini.de\/it\/wp-json\/wp\/v2\/comments?post=1646"}],"version-history":[{"count":1,"href":"https:\/\/www.luigicherubini.de\/it\/wp-json\/wp\/v2\/pages\/1646\/revisions"}],"predecessor-version":[{"id":1647,"href":"https:\/\/www.luigicherubini.de\/it\/wp-json\/wp\/v2\/pages\/1646\/revisions\/1647"}],"wp:attachment":[{"href":"https:\/\/www.luigicherubini.de\/it\/wp-json\/wp\/v2\/media?parent=1646"}],"curies":[{"name":"wp","href":"https:\/\/api.w.org\/{rel}","templated":true}]}}